{"id":637,"date":"2025-09-18T11:05:19","date_gmt":"2025-09-18T15:05:19","guid":{"rendered":"https:\/\/queerstudentrights.ca\/?page_id=637"},"modified":"2025-09-21T08:50:26","modified_gmt":"2025-09-21T12:50:26","slug":"talk-to-someone-at-school","status":"publish","type":"page","link":"https:\/\/queerstudentrights.ca\/fr\/what-to-do-if-you-think-your-rights-have-been-violated\/talk-to-someone-at-school\/","title":{"rendered":"Parler \u00e0 quelqu'un \u00e0 l'\u00e9cole"},"content":{"rendered":"<div id=\"fws_69f33d285149c\"  data-column-margin=\"default\" data-midnight=\"dark\"  class=\"wpb_row vc_row-fluid vc_row\"  style=\"padding-top: 0px; padding-bottom: 0px; \"><div class=\"row-bg-wrap\" data-bg-animation=\"none\" data-bg-animation-delay=\"\" data-bg-overlay=\"false\"><div class=\"inner-wrap row-bg-layer\" ><div class=\"row-bg viewport-desktop\"  style=\"\"><\/div><\/div><\/div><div class=\"row_col_wrap_12 col span_12 dark left\">\n\t<div  class=\"vc_col-sm-12 wpb_column column_container vc_column_container col no-extra-padding inherit_tablet inherit_phone\"  data-padding-pos=\"all\" data-has-bg-color=\"false\" data-bg-color=\"\" data-bg-opacity=\"1\" data-animation=\"\" data-delay=\"0\" >\n\t\t<div class=\"vc_column-inner\" >\n\t\t\t<div class=\"wpb_wrapper\">\n\t\t\t\t\n\t\t<div id=\"fws_69f33d28521bf\"  data-column-margin=\"default\" data-midnight=\"dark\" data-top-percent=\"6%\" data-bottom-percent=\"6%\"  class=\"wpb_row vc_row-fluid vc_row full-width-section\"  style=\"padding-top: calc(100vw * 0.06); padding-bottom: calc(100vw * 0.06); \"><div class=\"row-bg-wrap\" data-bg-animation=\"none\" data-bg-animation-delay=\"\" data-bg-overlay=\"true\"><div class=\"inner-wrap row-bg-layer using-image\" ><div class=\"row-bg viewport-desktop using-image using-bg-color\"  style=\"background-image: url(https:\/\/queerstudentrights.ca\/wp-content\/uploads\/2025\/09\/aiden-craver-734d77muxdU-unsplash.jpg); background-position: center top; background-repeat: no-repeat; background-color: #49479d; \"><\/div><\/div><div class=\"row-bg-overlay row-bg-layer\" style=\"background-color:#49479d;  opacity: 0.8; \"><\/div><\/div><div class=\"nectar-shape-divider-wrap\" style=\" height:80px;\"  data-height=\"80\" data-front=\"true\" data-style=\"mountains\" data-position=\"bottom\" ><svg class=\"nectar-shape-divider\" fill=\"#ffffff\" xmlns=\"http:\/\/www.w3.org\/2000\/svg\" viewbox=\"0 0 1000 300\" preserveaspectratio=\"none\">\n          <path d=\"M 1014 264 v 122 h -808 l -172 -86 s 310.42 -22.84 402 -79 c 106 -65 154 -61 268 -12 c 107 46 195.11 5.94 275 137 z\"><\/path>   <path d=\"M -302 55 s 235.27 208.25 352 159 c 128 -54 233 -98 303 -73 c 92.68 33.1 181.28 115.19 235 108 c 104.9 -14 176.52 -173.06 267 -118 c 85.61 52.09 145 123 145 123 v 74 l -1306 10 z\"><\/path>\n          <path d=\"M -286 255 s 214 -103 338 -129 s 203 29 384 101 c 145.57 57.91 178.7 50.79 272 0 c 79 -43 301 -224 385 -63 c 53 101.63 -62 129 -62 129 l -107 84 l -1212 12 z\"><\/path>\n          <path d=\"M -24 69 s 299.68 301.66 413 245 c 8 -4 233 2 284 42 c 17.47 13.7 172 -132 217 -174 c 54.8 -51.15 128 -90 188 -39 c 76.12 64.7 118 99 118 99 l -12 132 l -1212 12 z\"><\/path>\n          <path d=\"M -12 201 s 70 83 194 57 s 160.29 -36.77 274 6 c 109 41 184.82 24.36 265 -15 c 55 -27 116.5 -57.69 214 4 c 49 31 95 26 95 26 l -6 151 l -1036 10 z\"><\/path> <\/svg><\/div><div class=\"row_col_wrap_12 col span_12 dark left\">\n\t<div  class=\"vc_col-sm-12 wpb_column column_container vc_column_container col no-extra-padding inherit_tablet inherit_phone\"  data-padding-pos=\"all\" data-has-bg-color=\"false\" data-bg-color=\"\" data-bg-opacity=\"1\" data-animation=\"\" data-delay=\"0\" >\n\t\t<div class=\"vc_column-inner\" >\n\t\t\t<div class=\"wpb_wrapper\">\n\t\t\t\t<div class=\"nectar-highlighted-text font_size_11vh\" data-style=\"text_outline\" data-outline-thickness=\"regular\" data-user-color=\"true\" style=\"color: #ffffff;\" data-using-custom-color=\"false\" data-animation-delay=\"false\" data-color=\"\" data-color-gradient=\"\"><h1 style=\"line-height: .9em\"><em>Que faire si vous pensez que vos droits ont \u00e9t\u00e9 viol\u00e9s ?<\/em><\/h1>\n<\/div>\n\t\t\t<\/div> \n\t\t<\/div>\n\t<\/div> \n<\/div><\/div>\n\t\t<div id=\"fws_69f33d2852ae0\"  data-column-margin=\"default\" data-midnight=\"dark\"  class=\"wpb_row vc_row-fluid vc_row\"  style=\"padding-top: 0px; padding-bottom: 0px; \"><div class=\"row-bg-wrap\" data-bg-animation=\"none\" data-bg-animation-delay=\"\" data-bg-overlay=\"false\"><div class=\"inner-wrap row-bg-layer\" ><div class=\"row-bg viewport-desktop\"  style=\"\"><\/div><\/div><\/div><div class=\"row_col_wrap_12 col span_12 dark left\">\n\t<div  class=\"vc_col-sm-12 wpb_column column_container vc_column_container col padding-2-percent inherit_tablet inherit_phone\"  data-padding-pos=\"top-bottom\" data-has-bg-color=\"false\" data-bg-color=\"\" data-bg-opacity=\"1\" data-animation=\"\" data-delay=\"0\" >\n\t\t<div class=\"vc_column-inner\" >\n\t\t\t<div class=\"wpb_wrapper\">\n\t\t\t\t\n\t<div class=\"wpb_raw_code wpb_raw_html wpb_content_element\" >\n\t\t<div class=\"wpb_wrapper\">\n\t\t\t<span><span><a href=\"https:\/\/queerstudentrights.ca\/fr\/\">Accueil<\/a><\/span><\/span>\n\t\t<\/div>\n\t<\/div>\n\n\t\t\t<\/div> \n\t\t<\/div>\n\t<\/div> \n<\/div><\/div>\n\n\t\t\t<\/div> \n\t\t<\/div>\n\t<\/div> \n<\/div><\/div>\n\t\t<div id=\"fws_69f33d28551bc\"  data-column-margin=\"40px\" data-midnight=\"dark\" data-bottom-percent=\"2%\"  class=\"wpb_row vc_row-fluid vc_row full-width-section  top_padding_phone_4pct bottom_padding_phone_4pct\"  style=\"padding-top: 0px; padding-bottom: calc(100vw * 0.02); \"><div class=\"row-bg-wrap\" data-bg-animation=\"none\" data-bg-animation-delay=\"\" data-bg-overlay=\"false\"><div class=\"inner-wrap row-bg-layer\" ><div class=\"row-bg viewport-desktop\"  style=\"\"><\/div><\/div><\/div><div class=\"row_col_wrap_12 col span_12 dark left\">\n\t<div  class=\"vc_col-sm-8 wpb_column column_container vc_column_container col no-extra-padding inherit_tablet inherit_phone\"  data-padding-pos=\"all\" data-has-bg-color=\"false\" data-bg-color=\"\" data-bg-opacity=\"1\" data-animation=\"\" data-delay=\"0\" >\n\t\t<div class=\"vc_column-inner\" >\n\t\t\t<div class=\"wpb_wrapper\">\n\t\t\t\t<h2 style=\"color: #49479d;text-align: left\" class=\"vc_custom_heading vc_do_custom_heading\" >2. Parler \u00e0 quelqu'un \u00e0 l'\u00e9cole<\/h2>\n<div class=\"wpb_text_column wpb_content_element\" >\n\t<div class=\"wpb_wrapper\">\n\t\t<p>Il est souvent plus utile de r\u00e9soudre les probl\u00e8mes au sein de l'\u00e9cole, mais seulement si vous vous sentez en s\u00e9curit\u00e9 et en confiance. Vous pouvez essayer de parler \u00e0 un enseignant, un conseiller ou un membre du personnel en qui vous avez confiance, ou de discuter des probl\u00e8mes avec votre directeur, si vous vous sentez \u00e0 l'aise.<\/p>\n\t<\/div>\n<\/div>\n\n\n\n\n\t\t\t<\/div> \n\t\t<\/div>\n\t<\/div> \n\n\t<div style=\" color: #49479d;\" class=\"vc_col-sm-4 wpb_column column_container vc_column_container col centered-text no-extra-padding inherit_tablet inherit_phone\" data-cfc=\"true\"  data-padding-pos=\"all\" data-has-bg-color=\"false\" data-bg-color=\"\" data-bg-opacity=\"1\" data-animation=\"\" data-delay=\"0\" >\n\t\t<div class=\"vc_column-inner\" >\n\t\t\t<div class=\"wpb_wrapper\">\n\t\t\t\t<div class=\"nectar_icon_wrap\" data-style=\"default\" data-padding=\"10px\" data-color=\"accent-color\" style=\"\" >\n\t\t<div class=\"nectar_icon\" ><i style=\"font-size: 50px; line-height: 50px; height: 50px; width: 50px;\" class=\"fa fa-comments\"><\/i><\/div>\n\t<\/div>\n<div class=\"wpb_text_column wpb_content_element\" >\n\t<div class=\"wpb_wrapper\">\n\t\t<h4>Conseil : V\u00e9rifiez si votre \u00e9cole ou votre conseil scolaire a d\u00e9j\u00e0 adopt\u00e9 des politiques sur des sujets tels que les brimades ou la discrimination. Conna\u00eetre ces r\u00e8gles peut vous aider \u00e0 faire pression pour que des mesures soient prises.<\/h4>\n\t<\/div>\n<\/div>\n\n\n\n\n\t\t\t<\/div> \n\t\t<\/div>\n\t<\/div> \n<\/div><\/div>","protected":false},"excerpt":{"rendered":"What to Do if You Think Your Rights Have Been Violated Home 2. Talk to Someone at School It is often most helpful to resolve issues within your school \u2013...","protected":false},"author":3454,"featured_media":0,"parent":633,"menu_order":0,"comment_status":"closed","ping_status":"closed","template":"","meta":{"footnotes":""},"wf_page_folders":[30],"class_list":["post-637","page","type-page","status-publish"],"yoast_head":"<!-- This site is optimized with the Yoast SEO plugin v26.1.1 - https:\/\/yoast.com\/wordpress\/plugins\/seo\/ -->\n<title>Talk to Someone at School - Know Your Rights<\/title>\n<meta name=\"robots\" content=\"index, follow, max-snippet:-1, max-image-preview:large, max-video-preview:-1\" \/>\n<link rel=\"canonical\" href=\"https:\/\/queerstudentrights.ca\/fr\/what-to-do-if-you-think-your-rights-have-been-violated\/talk-to-someone-at-school\/\" \/>\n<meta property=\"og:locale\" content=\"fr_CA\" \/>\n<meta property=\"og:type\" content=\"article\" \/>\n<meta property=\"og:title\" content=\"Talk to Someone at School - Know Your Rights\" \/>\n<meta property=\"og:url\" content=\"https:\/\/queerstudentrights.ca\/fr\/what-to-do-if-you-think-your-rights-have-been-violated\/talk-to-someone-at-school\/\" \/>\n<meta property=\"og:site_name\" content=\"Know Your Rights\" \/>\n<meta property=\"article:modified_time\" content=\"2025-09-21T12:50:26+00:00\" \/>\n<meta name=\"twitter:card\" content=\"summary_large_image\" \/>\n<meta name=\"twitter:label1\" content=\"Estimation du temps de lecture\" \/>\n\t<meta name=\"twitter:data1\" content=\"1 minute\" \/>\n<script type=\"application\/ld+json\" class=\"yoast-schema-graph\">{\"@context\":\"https:\/\/schema.org\",\"@graph\":[{\"@type\":\"WebPage\",\"@id\":\"https:\/\/queerstudentrights.ca\/what-to-do-if-you-think-your-rights-have-been-violated\/talk-to-someone-at-school\/\",\"url\":\"https:\/\/queerstudentrights.ca\/what-to-do-if-you-think-your-rights-have-been-violated\/talk-to-someone-at-school\/\",\"name\":\"Talk to Someone at School - Know Your Rights\",\"isPartOf\":{\"@id\":\"https:\/\/queerstudentrights.ca\/#website\"},\"datePublished\":\"2025-09-18T15:05:19+00:00\",\"dateModified\":\"2025-09-21T12:50:26+00:00\",\"breadcrumb\":{\"@id\":\"https:\/\/queerstudentrights.ca\/what-to-do-if-you-think-your-rights-have-been-violated\/talk-to-someone-at-school\/#breadcrumb\"},\"inLanguage\":\"fr-CA\",\"potentialAction\":[{\"@type\":\"ReadAction\",\"target\":[\"https:\/\/queerstudentrights.ca\/what-to-do-if-you-think-your-rights-have-been-violated\/talk-to-someone-at-school\/\"]}]},{\"@type\":\"BreadcrumbList\",\"@id\":\"https:\/\/queerstudentrights.ca\/what-to-do-if-you-think-your-rights-have-been-violated\/talk-to-someone-at-school\/#breadcrumb\",\"itemListElement\":[{\"@type\":\"ListItem\",\"position\":1,\"name\":\"Home\",\"item\":\"https:\/\/queerstudentrights.ca\/\"},{\"@type\":\"ListItem\",\"position\":2,\"name\":\"What to Do if You Think Your Rights Have Been Violated\",\"item\":\"https:\/\/queerstudentrights.ca\/what-to-do-if-you-think-your-rights-have-been-violated\/\"},{\"@type\":\"ListItem\",\"position\":3,\"name\":\"Talk to Someone at School\"}]},{\"@type\":\"WebSite\",\"@id\":\"https:\/\/queerstudentrights.ca\/#website\",\"url\":\"https:\/\/queerstudentrights.ca\/\",\"name\":\"Know Your Rights: A Guide for Queer Students\",\"description\":\"A Guide for Queer Students in Schools\",\"publisher\":{\"@id\":\"https:\/\/queerstudentrights.ca\/#organization\"},\"potentialAction\":[{\"@type\":\"SearchAction\",\"target\":{\"@type\":\"EntryPoint\",\"urlTemplate\":\"https:\/\/queerstudentrights.ca\/?s={search_term_string}\"},\"query-input\":{\"@type\":\"PropertyValueSpecification\",\"valueRequired\":true,\"valueName\":\"search_term_string\"}}],\"inLanguage\":\"fr-CA\"},{\"@type\":\"Organization\",\"@id\":\"https:\/\/queerstudentrights.ca\/#organization\",\"name\":\"Canadian Civil Liberties Association\",\"url\":\"https:\/\/queerstudentrights.ca\/\",\"logo\":{\"@type\":\"ImageObject\",\"inLanguage\":\"fr-CA\",\"@id\":\"https:\/\/queerstudentrights.ca\/#\/schema\/logo\/image\/\",\"url\":\"https:\/\/queerstudentrights.ca\/wp-content\/uploads\/2025\/09\/cropped-CCLA-gravatar.png\",\"contentUrl\":\"https:\/\/queerstudentrights.ca\/wp-content\/uploads\/2025\/09\/cropped-CCLA-gravatar.png\",\"width\":512,\"height\":512,\"caption\":\"Canadian Civil Liberties Association\"},\"image\":{\"@id\":\"https:\/\/queerstudentrights.ca\/#\/schema\/logo\/image\/\"}}]}<\/script>\n<!-- \/ Yoast SEO plugin. -->","yoast_head_json":{"title":"Talk to Someone at School - Know Your Rights","robots":{"index":"index","follow":"follow","max-snippet":"max-snippet:-1","max-image-preview":"max-image-preview:large","max-video-preview":"max-video-preview:-1"},"canonical":"https:\/\/queerstudentrights.ca\/fr\/what-to-do-if-you-think-your-rights-have-been-violated\/talk-to-someone-at-school\/","og_locale":"fr_CA","og_type":"article","og_title":"Talk to Someone at School - Know Your Rights","og_url":"https:\/\/queerstudentrights.ca\/fr\/what-to-do-if-you-think-your-rights-have-been-violated\/talk-to-someone-at-school\/","og_site_name":"Know Your Rights","article_modified_time":"2025-09-21T12:50:26+00:00","twitter_card":"summary_large_image","twitter_misc":{"Estimation du temps de lecture":"1 minute"},"schema":{"@context":"https:\/\/schema.org","@graph":[{"@type":"WebPage","@id":"https:\/\/queerstudentrights.ca\/what-to-do-if-you-think-your-rights-have-been-violated\/talk-to-someone-at-school\/","url":"https:\/\/queerstudentrights.ca\/what-to-do-if-you-think-your-rights-have-been-violated\/talk-to-someone-at-school\/","name":"Talk to Someone at School - Know Your Rights","isPartOf":{"@id":"https:\/\/queerstudentrights.ca\/#website"},"datePublished":"2025-09-18T15:05:19+00:00","dateModified":"2025-09-21T12:50:26+00:00","breadcrumb":{"@id":"https:\/\/queerstudentrights.ca\/what-to-do-if-you-think-your-rights-have-been-violated\/talk-to-someone-at-school\/#breadcrumb"},"inLanguage":"fr-CA","potentialAction":[{"@type":"ReadAction","target":["https:\/\/queerstudentrights.ca\/what-to-do-if-you-think-your-rights-have-been-violated\/talk-to-someone-at-school\/"]}]},{"@type":"BreadcrumbList","@id":"https:\/\/queerstudentrights.ca\/what-to-do-if-you-think-your-rights-have-been-violated\/talk-to-someone-at-school\/#breadcrumb","itemListElement":[{"@type":"ListItem","position":1,"name":"Home","item":"https:\/\/queerstudentrights.ca\/"},{"@type":"ListItem","position":2,"name":"What to Do if You Think Your Rights Have Been Violated","item":"https:\/\/queerstudentrights.ca\/what-to-do-if-you-think-your-rights-have-been-violated\/"},{"@type":"ListItem","position":3,"name":"Talk to Someone at School"}]},{"@type":"WebSite","@id":"https:\/\/queerstudentrights.ca\/#website","url":"https:\/\/queerstudentrights.ca\/","name":"Connaissez vos droits : Un guide pour les \u00e9tudiants homosexuels","description":"Guide \u00e0 l'intention des \u00e9l\u00e8ves homosexuels dans les \u00e9coles","publisher":{"@id":"https:\/\/queerstudentrights.ca\/#organization"},"potentialAction":[{"@type":"SearchAction","target":{"@type":"EntryPoint","urlTemplate":"https:\/\/queerstudentrights.ca\/?s={search_term_string}"},"query-input":{"@type":"PropertyValueSpecification","valueRequired":true,"valueName":"search_term_string"}}],"inLanguage":"fr-CA"},{"@type":"Organization","@id":"https:\/\/queerstudentrights.ca\/#organization","name":"Association canadienne des libert\u00e9s civiles","url":"https:\/\/queerstudentrights.ca\/","logo":{"@type":"ImageObject","inLanguage":"fr-CA","@id":"https:\/\/queerstudentrights.ca\/#\/schema\/logo\/image\/","url":"https:\/\/queerstudentrights.ca\/wp-content\/uploads\/2025\/09\/cropped-CCLA-gravatar.png","contentUrl":"https:\/\/queerstudentrights.ca\/wp-content\/uploads\/2025\/09\/cropped-CCLA-gravatar.png","width":512,"height":512,"caption":"Canadian Civil Liberties Association"},"image":{"@id":"https:\/\/queerstudentrights.ca\/#\/schema\/logo\/image\/"}}]}},"_links":{"self":[{"href":"https:\/\/queerstudentrights.ca\/fr\/wp-json\/wp\/v2\/pages\/637","targetHints":{"allow":["GET"]}}],"collection":[{"href":"https:\/\/queerstudentrights.ca\/fr\/wp-json\/wp\/v2\/pages"}],"about":[{"href":"https:\/\/queerstudentrights.ca\/fr\/wp-json\/wp\/v2\/types\/page"}],"author":[{"embeddable":true,"href":"https:\/\/queerstudentrights.ca\/fr\/wp-json\/wp\/v2\/users\/3454"}],"replies":[{"embeddable":true,"href":"https:\/\/queerstudentrights.ca\/fr\/wp-json\/wp\/v2\/comments?post=637"}],"version-history":[{"count":5,"href":"https:\/\/queerstudentrights.ca\/fr\/wp-json\/wp\/v2\/pages\/637\/revisions"}],"predecessor-version":[{"id":929,"href":"https:\/\/queerstudentrights.ca\/fr\/wp-json\/wp\/v2\/pages\/637\/revisions\/929"}],"up":[{"embeddable":true,"href":"https:\/\/queerstudentrights.ca\/fr\/wp-json\/wp\/v2\/pages\/633"}],"wp:attachment":[{"href":"https:\/\/queerstudentrights.ca\/fr\/wp-json\/wp\/v2\/media?parent=637"}],"wp:term":[{"taxonomy":"wf_page_folders","embeddable":true,"href":"https:\/\/queerstudentrights.ca\/fr\/wp-json\/wp\/v2\/wf_page_folders?post=637"}],"curies":[{"name":"wp","href":"https:\/\/api.w.org\/{rel}","templated":true}]}}