{"id":625,"date":"2025-09-18T10:50:45","date_gmt":"2025-09-18T14:50:45","guid":{"rendered":"https:\/\/queerstudentrights.ca\/?page_id=625"},"modified":"2025-09-21T11:33:28","modified_gmt":"2025-09-21T15:33:28","slug":"supporting-queer-youth-through-safe-adults","status":"publish","type":"page","link":"https:\/\/queerstudentrights.ca\/fr\/responsibilities-of-teachers-staff-school-boards-to-protect-and-support-queer-students\/supporting-queer-youth-through-safe-adults\/","title":{"rendered":"Soutenir les jeunes homosexuels gr\u00e2ce \u00e0 des adultes de confiance"},"content":{"rendered":"<div id=\"fws_69f32d4a4ade8\"  data-column-margin=\"default\" data-midnight=\"dark\"  class=\"wpb_row vc_row-fluid vc_row\"  style=\"padding-top: 0px; padding-bottom: 0px; \"><div class=\"row-bg-wrap\" data-bg-animation=\"none\" data-bg-animation-delay=\"\" data-bg-overlay=\"false\"><div class=\"inner-wrap row-bg-layer\" ><div class=\"row-bg viewport-desktop\"  style=\"\"><\/div><\/div><\/div><div class=\"row_col_wrap_12 col span_12 dark left\">\n\t<div  class=\"vc_col-sm-12 wpb_column column_container vc_column_container col no-extra-padding inherit_tablet inherit_phone\"  data-padding-pos=\"all\" data-has-bg-color=\"false\" data-bg-color=\"\" data-bg-opacity=\"1\" data-animation=\"\" data-delay=\"0\" >\n\t\t<div class=\"vc_column-inner\" >\n\t\t\t<div class=\"wpb_wrapper\">\n\t\t\t\t\n\t\t<div id=\"fws_69f32d4a4bd29\"  data-column-margin=\"default\" data-midnight=\"dark\" data-top-percent=\"6%\" data-bottom-percent=\"6%\"  class=\"wpb_row vc_row-fluid vc_row full-width-section\"  style=\"padding-top: calc(100vw * 0.06); padding-bottom: calc(100vw * 0.06); \"><div class=\"row-bg-wrap\" data-bg-animation=\"none\" data-bg-animation-delay=\"\" data-bg-overlay=\"true\"><div class=\"inner-wrap row-bg-layer using-image\" ><div class=\"row-bg viewport-desktop using-image using-bg-color\"  style=\"background-image: url(https:\/\/queerstudentrights.ca\/wp-content\/uploads\/2025\/09\/jason-leung-yVgWqSI-NDM-unsplash.jpg); background-position: center center; background-repeat: no-repeat; background-color: #49479d; \"><\/div><\/div><div class=\"row-bg-overlay row-bg-layer\" style=\"background-color:#49479d;  opacity: 0.8; \"><\/div><\/div><div class=\"nectar-shape-divider-wrap\" style=\" height:80px;\"  data-height=\"80\" data-front=\"true\" data-style=\"mountains\" data-position=\"bottom\" ><svg class=\"nectar-shape-divider\" fill=\"#ffffff\" xmlns=\"http:\/\/www.w3.org\/2000\/svg\" viewbox=\"0 0 1000 300\" preserveaspectratio=\"none\">\n          <path d=\"M 1014 264 v 122 h -808 l -172 -86 s 310.42 -22.84 402 -79 c 106 -65 154 -61 268 -12 c 107 46 195.11 5.94 275 137 z\"><\/path>   <path d=\"M -302 55 s 235.27 208.25 352 159 c 128 -54 233 -98 303 -73 c 92.68 33.1 181.28 115.19 235 108 c 104.9 -14 176.52 -173.06 267 -118 c 85.61 52.09 145 123 145 123 v 74 l -1306 10 z\"><\/path>\n          <path d=\"M -286 255 s 214 -103 338 -129 s 203 29 384 101 c 145.57 57.91 178.7 50.79 272 0 c 79 -43 301 -224 385 -63 c 53 101.63 -62 129 -62 129 l -107 84 l -1212 12 z\"><\/path>\n          <path d=\"M -24 69 s 299.68 301.66 413 245 c 8 -4 233 2 284 42 c 17.47 13.7 172 -132 217 -174 c 54.8 -51.15 128 -90 188 -39 c 76.12 64.7 118 99 118 99 l -12 132 l -1212 12 z\"><\/path>\n          <path d=\"M -12 201 s 70 83 194 57 s 160.29 -36.77 274 6 c 109 41 184.82 24.36 265 -15 c 55 -27 116.5 -57.69 214 4 c 49 31 95 26 95 26 l -6 151 l -1036 10 z\"><\/path> <\/svg><\/div><div class=\"row_col_wrap_12 col span_12 dark left\">\n\t<div  class=\"vc_col-sm-12 wpb_column column_container vc_column_container col no-extra-padding inherit_tablet inherit_phone\"  data-padding-pos=\"all\" data-has-bg-color=\"false\" data-bg-color=\"\" data-bg-opacity=\"1\" data-animation=\"\" data-delay=\"0\" >\n\t\t<div class=\"vc_column-inner\" >\n\t\t\t<div class=\"wpb_wrapper\">\n\t\t\t\t<div class=\"nectar-highlighted-text font_size_11vh\" data-style=\"text_outline\" data-outline-thickness=\"regular\" data-user-color=\"true\" style=\"color: #ffffff;\" data-using-custom-color=\"false\" data-animation-delay=\"false\" data-color=\"\" data-color-gradient=\"\"><h1 style=\"line-height: .9em\"><em>Responsabilit\u00e9s des\u00a0<\/em><\/h1>\n<\/div><h2 style=\"font-size: 38px;color: #ffffff;line-height: 1;text-align: left\" class=\"vc_custom_heading vc_do_custom_heading\" >Les enseignants, le personnel et les conseils scolaires doivent prot\u00e9ger et soutenir les \u00e9l\u00e8ves homosexuels<\/h2>\n\t\t\t<\/div> \n\t\t<\/div>\n\t<\/div> \n<\/div><\/div>\n\t\t<div id=\"fws_69f32d4a4ca04\"  data-column-margin=\"default\" data-midnight=\"dark\"  class=\"wpb_row vc_row-fluid vc_row\"  style=\"padding-top: 0px; padding-bottom: 0px; \"><div class=\"row-bg-wrap\" data-bg-animation=\"none\" data-bg-animation-delay=\"\" data-bg-overlay=\"false\"><div class=\"inner-wrap row-bg-layer\" ><div class=\"row-bg viewport-desktop\"  style=\"\"><\/div><\/div><\/div><div class=\"row_col_wrap_12 col span_12 dark left\">\n\t<div  class=\"vc_col-sm-12 wpb_column column_container vc_column_container col padding-2-percent inherit_tablet inherit_phone\"  data-padding-pos=\"top-bottom\" data-has-bg-color=\"false\" data-bg-color=\"\" data-bg-opacity=\"1\" data-animation=\"\" data-delay=\"0\" >\n\t\t<div class=\"vc_column-inner\" >\n\t\t\t<div class=\"wpb_wrapper\">\n\t\t\t\t\n\t<div class=\"wpb_raw_code wpb_raw_html wpb_content_element\" >\n\t\t<div class=\"wpb_wrapper\">\n\t\t\t<span><span><a href=\"https:\/\/queerstudentrights.ca\/fr\/\">Accueil<\/a><\/span><\/span>\n\t\t<\/div>\n\t<\/div>\n\n\t\t\t<\/div> \n\t\t<\/div>\n\t<\/div> \n<\/div><\/div>\n<style type=\"text\/css\" data-type=\"vc_shortcodes-default-css\">.vc_do_custom_heading{margin-bottom:0.625rem;margin-top:0;}<\/style>\n\t\t\t<\/div> \n\t\t<\/div>\n\t<\/div> \n<\/div><\/div>\n\t\t<div id=\"fws_69f32d4a4e9ec\"  data-column-margin=\"40px\" data-midnight=\"dark\" data-bottom-percent=\"2%\"  class=\"wpb_row vc_row-fluid vc_row full-width-section  top_padding_phone_4pct bottom_padding_phone_4pct\"  style=\"padding-top: 0px; padding-bottom: calc(100vw * 0.02); \"><div class=\"row-bg-wrap\" data-bg-animation=\"none\" data-bg-animation-delay=\"\" data-bg-overlay=\"false\"><div class=\"inner-wrap row-bg-layer\" ><div class=\"row-bg viewport-desktop\"  style=\"\"><\/div><\/div><\/div><div class=\"row_col_wrap_12 col span_12 dark left\">\n\t<div  class=\"vc_col-sm-12 wpb_column column_container vc_column_container col no-extra-padding inherit_tablet inherit_phone\"  data-padding-pos=\"all\" data-has-bg-color=\"false\" data-bg-color=\"\" data-bg-opacity=\"1\" data-animation=\"\" data-delay=\"0\" >\n\t\t<div class=\"vc_column-inner\" >\n\t\t\t<div class=\"wpb_wrapper\">\n\t\t\t\t<h2 style=\"color: #49479d;text-align: left\" class=\"vc_custom_heading vc_do_custom_heading\" >4. Soutenir les jeunes homosexuels gr\u00e2ce \u00e0 des adultes de confiance<\/h2>\n<div class=\"wpb_text_column wpb_content_element\" >\n\t<div class=\"wpb_wrapper\">\n\t\t<p>M\u00eame un <a href=\"https:\/\/egale.ca\/awareness\/affirming-adults-guide\/\" target=\"_blank\" rel=\"noopener\">adulte de confiance<\/a> peut faire une grande diff\u00e9rence dans la vie d'un \u00e9l\u00e8ve homosexuel. Les enseignants jouent un r\u00f4le important et ont la possibilit\u00e9 d'apporter des changements positifs dans la vie des \u00e9l\u00e8ves homosexuels.<\/p>\n<p><a href=\"https:\/\/www.thetrevorproject.org\/research-briefs\/accepting-adults-reduce-suicide-attempts-among-lgbtq-youth\/\" target=\"_blank\" rel=\"noopener\">Recherche du projet Trevor<\/a> montre que les jeunes homosexuels qui ont d\u00e9clar\u00e9 avoir au moins un adulte de soutien dans leur vie, y compris un enseignant, sont 40% moins susceptibles d'avoir tent\u00e9 de se suicider au cours de l'ann\u00e9e \u00e9coul\u00e9e.<\/p>\n<p>Le district scolaire de Greater Victoria a inclus cette exigence dans son plan d'action. <a href=\"https:\/\/www.sd61.bc.ca\/our-district\/documents\/name\/regulation-4305-gender-identity-and-gender-expression\/\" target=\"_blank\" rel=\"noopener\">Politique en mati\u00e8re d'identit\u00e9 et d'expression sexuelles<\/a> et exige de chaque \u00e9cole qu'elle nomme au moins un \"contact s\u00fbr\" pour les \u00e9l\u00e8ves 2SLGBTQIA+, et qu'il soit \u00e9galement en mesure d'agir en tant que personne ressource pour le personnel et les familles.<\/p>\n\t<\/div>\n<\/div>\n\n\n\n\n\t\t\t<\/div> \n\t\t<\/div>\n\t<\/div> \n<\/div><\/div>\n\t\t<div id=\"fws_69f32d4a4f344\"  data-column-margin=\"default\" data-midnight=\"dark\" data-bottom-percent=\"2%\"  class=\"wpb_row vc_row-fluid vc_row full-width-section  top_padding_phone_4pct bottom_padding_phone_4pct\"  style=\"padding-top: 0px; padding-bottom: calc(100vw * 0.02); \"><div class=\"row-bg-wrap\" data-bg-animation=\"none\" data-bg-animation-delay=\"\" data-bg-overlay=\"false\"><div class=\"inner-wrap row-bg-layer\" ><div class=\"row-bg viewport-desktop\"  style=\"\"><\/div><\/div><\/div><div class=\"row_col_wrap_12 col span_12 dark left\">\n\t<div  class=\"vc_col-sm-12 wpb_column column_container vc_column_container col no-extra-padding inherit_tablet inherit_phone\"  data-padding-pos=\"all\" data-has-bg-color=\"false\" data-bg-color=\"\" data-bg-opacity=\"1\" data-animation=\"\" data-delay=\"0\" >\n\t\t<div class=\"vc_column-inner\" >\n\t\t\t<div class=\"wpb_wrapper\">\n\t\t\t\t<div id=\"fws_69f32d4a4f884\" data-midnight=\"\" data-column-margin=\"40px\" class=\"wpb_row vc_row-fluid vc_row inner_row vc_row-o-equal-height vc_row-flex vc_row-o-content-top stats\"  style=\"\"><div class=\"row-bg-wrap\"> <div class=\"row-bg\" ><\/div> <\/div><div class=\"row_col_wrap_12_inner col span_12  left\">\n\t<div style=\"\" class=\"vc_col-sm-6 wpb_column column_container vc_column_container col child_column padding-4-percent inherit_tablet inherit_phone\"  data-using-bg=\"true\" data-padding-pos=\"all\" data-has-bg-color=\"true\" data-bg-color=\"#8a8ace\" data-bg-opacity=\"0.2\" data-animation=\"\" data-delay=\"0\" >\n\t\t<div class=\"vc_column-inner\" ><div class=\"column-bg-overlay-wrap column-bg-layer\" data-bg-animation=\"none\"><div class=\"column-bg-overlay\" style=\"opacity: 0.2; background-color: #8a8ace;\"><\/div><\/div>\n\t\t<div class=\"wpb_wrapper\">\n\t\t\t<div class=\"nectar-highlighted-text font_size_3em\" data-style=\"text_outline\" data-outline-thickness=\"thick\" data-user-color=\"true\" style=\"color: #49479d;\" data-using-custom-color=\"false\" data-animation-delay=\"false\" data-color=\"\" data-color-gradient=\"\"><h3 class=\"vc_custom_heading vc_do_custom_heading\"><em>Le plaidoyer en action :<\/em><\/h3>\n<\/div><h4 style=\"color: #49479d;text-align: left\" class=\"vc_custom_heading vc_do_custom_heading\" >Des enseignants cr\u00e9ent un programme de lutte contre l'homophobie couronn\u00e9 de succ\u00e8s<\/h4>\n<div class=\"wpb_text_column wpb_content_element\" >\n\t<div class=\"wpb_wrapper\">\n\t\t<p><a href=\"https:\/\/globalnews.ca\/news\/999463\/fighting-homophobia-at-the-primary-school-level\/\" target=\"_blank\" rel=\"noopener\">Un exemple<\/a> C'est \u00e0 l'\u00e9cole primaire Mountainview, au Qu\u00e9bec, que l'on trouve l'exemple le plus frappant d'enseignants faisant une grande diff\u00e9rence dans la vie des \u00e9l\u00e8ves homosexuels. Les enseignants y ont mis en place un programme annuel de Semaine contre l'homophobie. Pendant cette semaine, les \u00e9l\u00e8ves et le personnel travaillent ensemble pour lutter contre l'homophobie et la transphobie \u00e0 l'\u00e9cole primaire en participant \u00e0 des activit\u00e9s qui remettent en question les st\u00e9r\u00e9otypes de genre et l'h\u00e9t\u00e9ronormativit\u00e9 \u00e0 l'\u00e9cole et dans la soci\u00e9t\u00e9. Depuis le lancement du programme en 2011, l'\u00e9cole a remport\u00e9 de nombreux prix pour son travail de lutte contre l'intimidation, et d'autres \u00e9coles primaires et secondaires du Qu\u00e9bec ont \u00e9galement adopt\u00e9 leur programme.<\/p>\n\t<\/div>\n<\/div>\n\n\n\n\n\t\t<\/div> \n\t<\/div>\n\t<\/div> \n\n\t<div style=\"\" class=\"vc_col-sm-6 stats wpb_column column_container vc_column_container col child_column padding-4-percent inherit_tablet inherit_phone\"  data-using-bg=\"true\" data-padding-pos=\"all\" data-has-bg-color=\"true\" data-bg-color=\"#666666\" data-bg-opacity=\"0.2\" data-animation=\"\" data-delay=\"0\" >\n\t\t<div class=\"vc_column-inner\" ><div class=\"column-bg-overlay-wrap column-bg-layer\" data-bg-animation=\"none\"><div class=\"column-bg-overlay\" style=\"opacity: 0.2; background-color: #666666;\"><\/div><\/div>\n\t\t<div class=\"wpb_wrapper\">\n\t\t\t<div class=\"nectar-highlighted-text font_size_3em\" data-style=\"text_outline\" data-outline-thickness=\"thick\" data-user-color=\"true\" style=\"color: #020000;\" data-using-custom-color=\"false\" data-animation-delay=\"false\" data-color=\"\" data-color-gradient=\"\"><h3 class=\"vc_custom_heading vc_do_custom_heading\"><em>Les mouvements contre les droits :<\/em><\/h3>\n<\/div><h4 style=\"color: #020000;text-align: left\" class=\"vc_custom_heading vc_do_custom_heading\" >Conseils scolaires<\/h4>\n<div class=\"wpb_text_column wpb_content_element\" >\n\t<div class=\"wpb_wrapper\">\n\t\t<p>Ces derni\u00e8res ann\u00e9es, les groupes anti-droits ont <a href=\"https:\/\/www.antihate.ca\/school_boards_schools_targeted_anti_2slgbtq_protests_continue\" target=\"_blank\" rel=\"noopener\">conseils scolaires cibl\u00e9s<\/a>-poussant \u00e0 la suppression du contenu 2SLGBTQIA+ des programmes scolaires et proposant des politiques qui sapent les droits des \u00e9tudiants queers. En septembre 2023, les conseils scolaires de l'Ontario et de la Colombie-Britannique ont \u00e9t\u00e9 la cible de groupes anti-droits visant \u00e0 supprimer les \u00e9l\u00e9ments du programme scolaire qui mentionnaient les communaut\u00e9s 2SLGBTQIA+. Les conseils scolaires sont des d\u00e9cideurs cl\u00e9s. Lorsque des voix anti-droits dominent les r\u00e9unions des conseils ou les campagnes \u00e9lectorales, les \u00e9l\u00e8ves queer perdent leurs protections.<\/p>\n\t<\/div>\n<\/div>\n\n\n\n\n\t\t<\/div> \n\t<\/div>\n\t<\/div> \n<\/div><\/div>\n\t\t\t<\/div> \n\t\t<\/div>\n\t<\/div> \n<\/div><\/div>","protected":false},"excerpt":{"rendered":"Responsibilities of\u00a0 Teachers, Staff, &amp; School Boards to Protect and Support Queer Students Home 4. Supporting Queer Youth Through Safe Adults Even one supportive adult can make a major difference...","protected":false},"author":3454,"featured_media":0,"parent":616,"menu_order":0,"comment_status":"closed","ping_status":"closed","template":"","meta":{"footnotes":""},"wf_page_folders":[29],"class_list":["post-625","page","type-page","status-publish"],"yoast_head":"<!-- This site is optimized with the Yoast SEO plugin v26.1.1 - https:\/\/yoast.com\/wordpress\/plugins\/seo\/ -->\n<title>Supporting Queer Youth Through Safe Adults - Know Your Rights<\/title>\n<meta name=\"robots\" content=\"index, follow, max-snippet:-1, max-image-preview:large, max-video-preview:-1\" \/>\n<link rel=\"canonical\" href=\"https:\/\/queerstudentrights.ca\/fr\/responsibilities-of-teachers-staff-school-boards-to-protect-and-support-queer-students\/supporting-queer-youth-through-safe-adults\/\" \/>\n<meta property=\"og:locale\" content=\"fr_CA\" \/>\n<meta property=\"og:type\" content=\"article\" \/>\n<meta property=\"og:title\" content=\"Supporting Queer Youth Through Safe Adults - Know Your Rights\" \/>\n<meta property=\"og:url\" content=\"https:\/\/queerstudentrights.ca\/fr\/responsibilities-of-teachers-staff-school-boards-to-protect-and-support-queer-students\/supporting-queer-youth-through-safe-adults\/\" \/>\n<meta property=\"og:site_name\" content=\"Know Your Rights\" \/>\n<meta property=\"article:modified_time\" content=\"2025-09-21T15:33:28+00:00\" \/>\n<meta name=\"twitter:card\" content=\"summary_large_image\" \/>\n<meta name=\"twitter:label1\" content=\"Estimation du temps de lecture\" \/>\n\t<meta name=\"twitter:data1\" content=\"2 minutes\" \/>\n<script type=\"application\/ld+json\" class=\"yoast-schema-graph\">{\"@context\":\"https:\/\/schema.org\",\"@graph\":[{\"@type\":\"WebPage\",\"@id\":\"https:\/\/queerstudentrights.ca\/responsibilities-of-teachers-staff-school-boards-to-protect-and-support-queer-students\/supporting-queer-youth-through-safe-adults\/\",\"url\":\"https:\/\/queerstudentrights.ca\/responsibilities-of-teachers-staff-school-boards-to-protect-and-support-queer-students\/supporting-queer-youth-through-safe-adults\/\",\"name\":\"Supporting Queer Youth Through Safe Adults - Know Your Rights\",\"isPartOf\":{\"@id\":\"https:\/\/queerstudentrights.ca\/#website\"},\"datePublished\":\"2025-09-18T14:50:45+00:00\",\"dateModified\":\"2025-09-21T15:33:28+00:00\",\"breadcrumb\":{\"@id\":\"https:\/\/queerstudentrights.ca\/responsibilities-of-teachers-staff-school-boards-to-protect-and-support-queer-students\/supporting-queer-youth-through-safe-adults\/#breadcrumb\"},\"inLanguage\":\"fr-CA\",\"potentialAction\":[{\"@type\":\"ReadAction\",\"target\":[\"https:\/\/queerstudentrights.ca\/responsibilities-of-teachers-staff-school-boards-to-protect-and-support-queer-students\/supporting-queer-youth-through-safe-adults\/\"]}]},{\"@type\":\"BreadcrumbList\",\"@id\":\"https:\/\/queerstudentrights.ca\/responsibilities-of-teachers-staff-school-boards-to-protect-and-support-queer-students\/supporting-queer-youth-through-safe-adults\/#breadcrumb\",\"itemListElement\":[{\"@type\":\"ListItem\",\"position\":1,\"name\":\"Home\",\"item\":\"https:\/\/queerstudentrights.ca\/\"},{\"@type\":\"ListItem\",\"position\":2,\"name\":\"Responsibilities of Teachers, Staff, &#038; School Boards to Protect and Support Queer Students\",\"item\":\"https:\/\/queerstudentrights.ca\/responsibilities-of-teachers-staff-school-boards-to-protect-and-support-queer-students\/\"},{\"@type\":\"ListItem\",\"position\":3,\"name\":\"Supporting Queer Youth Through Safe Adults\"}]},{\"@type\":\"WebSite\",\"@id\":\"https:\/\/queerstudentrights.ca\/#website\",\"url\":\"https:\/\/queerstudentrights.ca\/\",\"name\":\"Know Your Rights: A Guide for Queer Students\",\"description\":\"A Guide for Queer Students in Schools\",\"publisher\":{\"@id\":\"https:\/\/queerstudentrights.ca\/#organization\"},\"potentialAction\":[{\"@type\":\"SearchAction\",\"target\":{\"@type\":\"EntryPoint\",\"urlTemplate\":\"https:\/\/queerstudentrights.ca\/?s={search_term_string}\"},\"query-input\":{\"@type\":\"PropertyValueSpecification\",\"valueRequired\":true,\"valueName\":\"search_term_string\"}}],\"inLanguage\":\"fr-CA\"},{\"@type\":\"Organization\",\"@id\":\"https:\/\/queerstudentrights.ca\/#organization\",\"name\":\"Canadian Civil Liberties Association\",\"url\":\"https:\/\/queerstudentrights.ca\/\",\"logo\":{\"@type\":\"ImageObject\",\"inLanguage\":\"fr-CA\",\"@id\":\"https:\/\/queerstudentrights.ca\/#\/schema\/logo\/image\/\",\"url\":\"https:\/\/queerstudentrights.ca\/wp-content\/uploads\/2025\/09\/cropped-CCLA-gravatar.png\",\"contentUrl\":\"https:\/\/queerstudentrights.ca\/wp-content\/uploads\/2025\/09\/cropped-CCLA-gravatar.png\",\"width\":512,\"height\":512,\"caption\":\"Canadian Civil Liberties Association\"},\"image\":{\"@id\":\"https:\/\/queerstudentrights.ca\/#\/schema\/logo\/image\/\"}}]}<\/script>\n<!-- \/ Yoast SEO plugin. -->","yoast_head_json":{"title":"Supporting Queer Youth Through Safe Adults - Know Your Rights","robots":{"index":"index","follow":"follow","max-snippet":"max-snippet:-1","max-image-preview":"max-image-preview:large","max-video-preview":"max-video-preview:-1"},"canonical":"https:\/\/queerstudentrights.ca\/fr\/responsibilities-of-teachers-staff-school-boards-to-protect-and-support-queer-students\/supporting-queer-youth-through-safe-adults\/","og_locale":"fr_CA","og_type":"article","og_title":"Supporting Queer Youth Through Safe Adults - Know Your Rights","og_url":"https:\/\/queerstudentrights.ca\/fr\/responsibilities-of-teachers-staff-school-boards-to-protect-and-support-queer-students\/supporting-queer-youth-through-safe-adults\/","og_site_name":"Know Your Rights","article_modified_time":"2025-09-21T15:33:28+00:00","twitter_card":"summary_large_image","twitter_misc":{"Estimation du temps de lecture":"2 minutes"},"schema":{"@context":"https:\/\/schema.org","@graph":[{"@type":"WebPage","@id":"https:\/\/queerstudentrights.ca\/responsibilities-of-teachers-staff-school-boards-to-protect-and-support-queer-students\/supporting-queer-youth-through-safe-adults\/","url":"https:\/\/queerstudentrights.ca\/responsibilities-of-teachers-staff-school-boards-to-protect-and-support-queer-students\/supporting-queer-youth-through-safe-adults\/","name":"Supporting Queer Youth Through Safe Adults - Know Your Rights","isPartOf":{"@id":"https:\/\/queerstudentrights.ca\/#website"},"datePublished":"2025-09-18T14:50:45+00:00","dateModified":"2025-09-21T15:33:28+00:00","breadcrumb":{"@id":"https:\/\/queerstudentrights.ca\/responsibilities-of-teachers-staff-school-boards-to-protect-and-support-queer-students\/supporting-queer-youth-through-safe-adults\/#breadcrumb"},"inLanguage":"fr-CA","potentialAction":[{"@type":"ReadAction","target":["https:\/\/queerstudentrights.ca\/responsibilities-of-teachers-staff-school-boards-to-protect-and-support-queer-students\/supporting-queer-youth-through-safe-adults\/"]}]},{"@type":"BreadcrumbList","@id":"https:\/\/queerstudentrights.ca\/responsibilities-of-teachers-staff-school-boards-to-protect-and-support-queer-students\/supporting-queer-youth-through-safe-adults\/#breadcrumb","itemListElement":[{"@type":"ListItem","position":1,"name":"Home","item":"https:\/\/queerstudentrights.ca\/"},{"@type":"ListItem","position":2,"name":"Responsibilities of Teachers, Staff, &#038; School Boards to Protect and Support Queer Students","item":"https:\/\/queerstudentrights.ca\/responsibilities-of-teachers-staff-school-boards-to-protect-and-support-queer-students\/"},{"@type":"ListItem","position":3,"name":"Supporting Queer Youth Through Safe Adults"}]},{"@type":"WebSite","@id":"https:\/\/queerstudentrights.ca\/#website","url":"https:\/\/queerstudentrights.ca\/","name":"Connaissez vos droits : Un guide pour les \u00e9tudiants homosexuels","description":"Guide \u00e0 l'intention des \u00e9l\u00e8ves homosexuels dans les \u00e9coles","publisher":{"@id":"https:\/\/queerstudentrights.ca\/#organization"},"potentialAction":[{"@type":"SearchAction","target":{"@type":"EntryPoint","urlTemplate":"https:\/\/queerstudentrights.ca\/?s={search_term_string}"},"query-input":{"@type":"PropertyValueSpecification","valueRequired":true,"valueName":"search_term_string"}}],"inLanguage":"fr-CA"},{"@type":"Organization","@id":"https:\/\/queerstudentrights.ca\/#organization","name":"Association canadienne des libert\u00e9s civiles","url":"https:\/\/queerstudentrights.ca\/","logo":{"@type":"ImageObject","inLanguage":"fr-CA","@id":"https:\/\/queerstudentrights.ca\/#\/schema\/logo\/image\/","url":"https:\/\/queerstudentrights.ca\/wp-content\/uploads\/2025\/09\/cropped-CCLA-gravatar.png","contentUrl":"https:\/\/queerstudentrights.ca\/wp-content\/uploads\/2025\/09\/cropped-CCLA-gravatar.png","width":512,"height":512,"caption":"Canadian Civil Liberties Association"},"image":{"@id":"https:\/\/queerstudentrights.ca\/#\/schema\/logo\/image\/"}}]}},"_links":{"self":[{"href":"https:\/\/queerstudentrights.ca\/fr\/wp-json\/wp\/v2\/pages\/625","targetHints":{"allow":["GET"]}}],"collection":[{"href":"https:\/\/queerstudentrights.ca\/fr\/wp-json\/wp\/v2\/pages"}],"about":[{"href":"https:\/\/queerstudentrights.ca\/fr\/wp-json\/wp\/v2\/types\/page"}],"author":[{"embeddable":true,"href":"https:\/\/queerstudentrights.ca\/fr\/wp-json\/wp\/v2\/users\/3454"}],"replies":[{"embeddable":true,"href":"https:\/\/queerstudentrights.ca\/fr\/wp-json\/wp\/v2\/comments?post=625"}],"version-history":[{"count":3,"href":"https:\/\/queerstudentrights.ca\/fr\/wp-json\/wp\/v2\/pages\/625\/revisions"}],"predecessor-version":[{"id":1021,"href":"https:\/\/queerstudentrights.ca\/fr\/wp-json\/wp\/v2\/pages\/625\/revisions\/1021"}],"up":[{"embeddable":true,"href":"https:\/\/queerstudentrights.ca\/fr\/wp-json\/wp\/v2\/pages\/616"}],"wp:attachment":[{"href":"https:\/\/queerstudentrights.ca\/fr\/wp-json\/wp\/v2\/media?parent=625"}],"wp:term":[{"taxonomy":"wf_page_folders","embeddable":true,"href":"https:\/\/queerstudentrights.ca\/fr\/wp-json\/wp\/v2\/wf_page_folders?post=625"}],"curies":[{"name":"wp","href":"https:\/\/api.w.org\/{rel}","templated":true}]}}