{"id":592,"date":"2025-09-18T10:15:44","date_gmt":"2025-09-18T14:15:44","guid":{"rendered":"https:\/\/queerstudentrights.ca\/?page_id=592"},"modified":"2025-09-29T13:48:20","modified_gmt":"2025-09-29T17:48:20","slug":"the-right-to-dignity-being-respected-and-valued-for-who-you-are","status":"publish","type":"page","link":"https:\/\/queerstudentrights.ca\/fr\/your-rights\/the-right-to-dignity-being-respected-and-valued-for-who-you-are\/","title":{"rendered":"Le droit \u00e0 la dignit\u00e9 : \u00catre respect\u00e9 et valoris\u00e9 pour ce que l'on est"},"content":{"rendered":"<div id=\"fws_69f32d22953c1\"  data-column-margin=\"default\" data-midnight=\"dark\"  class=\"wpb_row vc_row-fluid vc_row\"  style=\"padding-top: 0px; padding-bottom: 0px; \"><div class=\"row-bg-wrap\" data-bg-animation=\"none\" data-bg-animation-delay=\"\" data-bg-overlay=\"false\"><div class=\"inner-wrap row-bg-layer\" ><div class=\"row-bg viewport-desktop\"  style=\"\"><\/div><\/div><\/div><div class=\"row_col_wrap_12 col span_12 dark left\">\n\t<div  class=\"vc_col-sm-12 wpb_column column_container vc_column_container col no-extra-padding inherit_tablet inherit_phone\"  data-padding-pos=\"all\" data-has-bg-color=\"false\" data-bg-color=\"\" data-bg-opacity=\"1\" data-animation=\"\" data-delay=\"0\" >\n\t\t<div class=\"vc_column-inner\" >\n\t\t\t<div class=\"wpb_wrapper\">\n\t\t\t\t\n\t\t<div id=\"fws_69f32d22963df\"  data-column-margin=\"default\" data-midnight=\"dark\" data-top-percent=\"6%\" data-bottom-percent=\"6%\"  class=\"wpb_row vc_row-fluid vc_row full-width-section\"  style=\"padding-top: calc(100vw * 0.06); padding-bottom: calc(100vw * 0.06); \"><div class=\"row-bg-wrap\" data-bg-animation=\"none\" data-bg-animation-delay=\"\" data-bg-overlay=\"true\"><div class=\"inner-wrap row-bg-layer using-image\" ><div class=\"row-bg viewport-desktop using-image using-bg-color\"  style=\"background-image: url(https:\/\/queerstudentrights.ca\/wp-content\/uploads\/2025\/09\/marek-studzinski-fNNN9e5Jh0I-unsplash.jpg); background-position: center center; background-repeat: no-repeat; background-color: #49479d; \"><\/div><\/div><div class=\"row-bg-overlay row-bg-layer\" style=\"background-color:#49479d;  opacity: 0.8; \"><\/div><\/div><div class=\"nectar-shape-divider-wrap\" style=\" height:80px;\"  data-height=\"80\" data-front=\"true\" data-style=\"mountains\" data-position=\"bottom\" ><svg class=\"nectar-shape-divider\" fill=\"#ffffff\" xmlns=\"http:\/\/www.w3.org\/2000\/svg\" viewbox=\"0 0 1000 300\" preserveaspectratio=\"none\">\n          <path d=\"M 1014 264 v 122 h -808 l -172 -86 s 310.42 -22.84 402 -79 c 106 -65 154 -61 268 -12 c 107 46 195.11 5.94 275 137 z\"><\/path>   <path d=\"M -302 55 s 235.27 208.25 352 159 c 128 -54 233 -98 303 -73 c 92.68 33.1 181.28 115.19 235 108 c 104.9 -14 176.52 -173.06 267 -118 c 85.61 52.09 145 123 145 123 v 74 l -1306 10 z\"><\/path>\n          <path d=\"M -286 255 s 214 -103 338 -129 s 203 29 384 101 c 145.57 57.91 178.7 50.79 272 0 c 79 -43 301 -224 385 -63 c 53 101.63 -62 129 -62 129 l -107 84 l -1212 12 z\"><\/path>\n          <path d=\"M -24 69 s 299.68 301.66 413 245 c 8 -4 233 2 284 42 c 17.47 13.7 172 -132 217 -174 c 54.8 -51.15 128 -90 188 -39 c 76.12 64.7 118 99 118 99 l -12 132 l -1212 12 z\"><\/path>\n          <path d=\"M -12 201 s 70 83 194 57 s 160.29 -36.77 274 6 c 109 41 184.82 24.36 265 -15 c 55 -27 116.5 -57.69 214 4 c 49 31 95 26 95 26 l -6 151 l -1036 10 z\"><\/path> <\/svg><\/div><div class=\"row_col_wrap_12 col span_12 dark left\">\n\t<div  class=\"vc_col-sm-12 wpb_column column_container vc_column_container col no-extra-padding inherit_tablet inherit_phone\"  data-padding-pos=\"all\" data-has-bg-color=\"false\" data-bg-color=\"\" data-bg-opacity=\"1\" data-animation=\"\" data-delay=\"0\" >\n\t\t<div class=\"vc_column-inner\" >\n\t\t\t<div class=\"wpb_wrapper\">\n\t\t\t\t<div class=\"nectar-highlighted-text font_size_11vh\" data-style=\"text_outline\" data-outline-thickness=\"regular\" data-user-color=\"true\" style=\"color: #ffffff;\" data-using-custom-color=\"false\" data-animation-delay=\"false\" data-color=\"\" data-color-gradient=\"\"><h1 style=\"line-height: .9em\"><em>Le droit \u00e0 la dignit\u00e9 :<\/em><\/h1>\n<\/div><h2 style=\"font-size: 38px;color: #ffffff;line-height: 1;text-align: left\" class=\"vc_custom_heading vc_do_custom_heading\" >\u00catre respect\u00e9 et appr\u00e9ci\u00e9 pour ce que l'on est<\/h2>\n\t\t\t<\/div> \n\t\t<\/div>\n\t<\/div> \n<\/div><\/div>\n\t\t<div id=\"fws_69f32d22971fb\"  data-column-margin=\"default\" data-midnight=\"dark\"  class=\"wpb_row vc_row-fluid vc_row\"  style=\"padding-top: 0px; padding-bottom: 0px; \"><div class=\"row-bg-wrap\" data-bg-animation=\"none\" data-bg-animation-delay=\"\" data-bg-overlay=\"false\"><div class=\"inner-wrap row-bg-layer\" ><div class=\"row-bg viewport-desktop\"  style=\"\"><\/div><\/div><\/div><div class=\"row_col_wrap_12 col span_12 dark left\">\n\t<div  class=\"vc_col-sm-12 wpb_column column_container vc_column_container col padding-2-percent inherit_tablet inherit_phone\"  data-padding-pos=\"top-bottom\" data-has-bg-color=\"false\" data-bg-color=\"\" data-bg-opacity=\"1\" data-animation=\"\" data-delay=\"0\" >\n\t\t<div class=\"vc_column-inner\" >\n\t\t\t<div class=\"wpb_wrapper\">\n\t\t\t\t\n\t<div class=\"wpb_raw_code wpb_raw_html wpb_content_element\" >\n\t\t<div class=\"wpb_wrapper\">\n\t\t\t<span><span><a href=\"https:\/\/queerstudentrights.ca\/fr\/\">Accueil<\/a><\/span><\/span>\n\t\t<\/div>\n\t<\/div>\n\n\t\t\t<\/div> \n\t\t<\/div>\n\t<\/div> \n<\/div><\/div>\n<style type=\"text\/css\" data-type=\"vc_shortcodes-default-css\">.vc_do_custom_heading{margin-bottom:0.625rem;margin-top:0;}<\/style>\n\t\t\t<\/div> \n\t\t<\/div>\n\t<\/div> \n<\/div><\/div>\n\t\t<div id=\"fws_69f32d229966d\"  data-column-margin=\"default\" data-midnight=\"dark\" data-bottom-percent=\"2%\"  class=\"wpb_row vc_row-fluid vc_row full-width-section  top_padding_phone_4pct bottom_padding_phone_4pct\"  style=\"padding-top: 0px; padding-bottom: calc(100vw * 0.02); \"><div class=\"row-bg-wrap\" data-bg-animation=\"none\" data-bg-animation-delay=\"\" data-bg-overlay=\"false\"><div class=\"inner-wrap row-bg-layer\" ><div class=\"row-bg viewport-desktop\"  style=\"\"><\/div><\/div><\/div><div class=\"row_col_wrap_12 col span_12 dark left\">\n\t<div  class=\"vc_col-sm-12 wpb_column column_container vc_column_container col no-extra-padding inherit_tablet inherit_phone\"  data-padding-pos=\"all\" data-has-bg-color=\"false\" data-bg-color=\"\" data-bg-opacity=\"1\" data-animation=\"\" data-delay=\"0\" >\n\t\t<div class=\"vc_column-inner\" >\n\t\t\t<div class=\"wpb_wrapper\">\n\t\t\t\t<div id=\"fws_69f32d2299f01\" data-midnight=\"\" data-column-margin=\"default\" class=\"wpb_row vc_row-fluid vc_row inner_row vc_row-o-equal-height vc_row-flex vc_row-o-content-middle\"  style=\"\"><div class=\"row-bg-wrap\"> <div class=\"row-bg\" ><\/div> <\/div><div class=\"row_col_wrap_12_inner col span_12  left\">\n\t<div style=\" color: #49479d;\" class=\"vc_col-sm-6 wpb_column column_container vc_column_container col child_column no-extra-padding inherit_tablet inherit_phone\" data-cfc=\"true\"  data-padding-pos=\"all\" data-has-bg-color=\"false\" data-bg-color=\"\" data-bg-opacity=\"1\" data-animation=\"\" data-delay=\"0\" >\n\t\t<div class=\"vc_column-inner\" >\n\t\t<div class=\"wpb_wrapper\">\n\t\t\t\n<div class=\"wpb_text_column wpb_content_element\" >\n\t<div class=\"wpb_wrapper\">\n\t\t<h4>Chaque \u00e9l\u00e8ve m\u00e9rite de se sentir respect\u00e9, valoris\u00e9 et int\u00e9gr\u00e9 \u00e0 l'\u00e9cole. Il s'agit l\u00e0 d'un aspect important du respect de votre dignit\u00e9 et de vos droits \u00e0 l'\u00e9galit\u00e9. Dans cette section, nous expliquerons l'importance de la dignit\u00e9 dans le droit canadien, pourquoi la dignit\u00e9 inclut l'obligation pour votre \u00e9cole d'utiliser le nom et les pronoms que vous avez choisis, et quelques politiques sp\u00e9cifiques qui prot\u00e8gent ce droit.<\/h4>\n\t<\/div>\n<\/div>\n\n\n\n\n\t\t<\/div> \n\t<\/div>\n\t<\/div> \n\n\t<div style=\"\" class=\"vc_col-sm-6 wpb_column column_container vc_column_container col child_column has-animation padding-5-percent inherit_tablet inherit_phone\"  data-using-bg=\"true\" data-padding-pos=\"all\" data-has-bg-color=\"true\" data-bg-color=\"#020000\" data-bg-opacity=\"1\" data-hover-bg=\"#8a8ace\" data-hover-bg-opacity=\"1\" data-animation=\"flip-in-vertical\" data-delay=\"0\" >\n\t\t<div class=\"vc_column-inner\" ><a class=\"column-link\" target=\"_self\" href=\"\/fr\/dignity-in-canadian-law\/\"><span class=\"screen-reader-text\">La \"dignit\u00e9\" en droit canadien<\/span><\/a><div class=\"column-bg-overlay-wrap column-bg-layer\" data-bg-animation=\"none\"><div class=\"column-bg-overlay\" style=\"opacity: 1; background-color: #020000;\"><\/div><\/div>\n\t\t<div class=\"wpb_wrapper\">\n\t\t\t<h2 style=\"font-size: 48px;color: #ffffff;line-height: 50px;text-align: left\" class=\"vc_custom_heading vc_do_custom_heading\" >La \"dignit\u00e9\" en droit canadien<\/h2>\n\t\t<\/div> \n\t<\/div>\n\t<\/div> \n<\/div><\/div><div id=\"fws_69f32d229ac78\" data-midnight=\"\" data-column-margin=\"default\" class=\"wpb_row vc_row-fluid vc_row inner_row vc_row-o-equal-height vc_row-flex vc_row-o-content-middle\"  style=\"\"><div class=\"row-bg-wrap\"> <div class=\"row-bg\" ><\/div> <\/div><div class=\"row_col_wrap_12_inner col span_12  left\">\n\t<div style=\" color: #e2e2e2;\" class=\"vc_col-sm-5 wpb_column column_container vc_column_container col child_column has-animation padding-7-percent inherit_tablet inherit_phone\" data-cfc=\"true\" data-using-bg=\"true\" data-padding-pos=\"all\" data-has-bg-color=\"true\" data-bg-color=\"#8a8ace\" data-bg-opacity=\"1\" data-hover-bg=\"#020000\" data-hover-bg-opacity=\"1\" data-animation=\"flip-in-vertical\" data-delay=\"100\" >\n\t\t<div class=\"vc_column-inner\" ><a class=\"column-link\" target=\"_self\" href=\"\/fr\/do-i-have-a-right-to-use-my-chosen-name-pronouns-at-school\/\"><span class=\"screen-reader-text\">Ai-je le droit d'utiliser le nom et les pronoms de mon choix \u00e0 l'\u00e9cole ?<\/span><\/a><div class=\"column-bg-overlay-wrap column-bg-layer\" data-bg-animation=\"none\"><div class=\"column-bg-overlay\" style=\"opacity: 1; background-color: #8a8ace;\"><\/div><\/div>\n\t\t<div class=\"wpb_wrapper\">\n\t\t\t<h2 style=\"font-size: 48px;color: #ffffff;line-height: 50px;text-align: left\" class=\"vc_custom_heading vc_do_custom_heading\" >Ai-je le droit d'utiliser le nom et les pronoms de mon choix \u00e0 l'\u00e9cole ?<\/h2>\n\t\t<\/div> \n\t<\/div>\n\t<\/div> \n\n\t<div style=\"\" class=\"vc_col-sm-7 wpb_column column_container vc_column_container col child_column has-animation padding-7-percent inherit_tablet inherit_phone\"  data-using-bg=\"true\" data-bg-cover=\"true\" data-padding-pos=\"all\" data-has-bg-color=\"true\" data-bg-color=\"#020000\" data-bg-opacity=\"0.5\" data-hover-bg=\"#49479d\" data-hover-bg-opacity=\"1\" data-animation=\"flip-in-vertical\" data-delay=\"0\" >\n\t\t<div class=\"vc_column-inner\" ><a class=\"column-link\" target=\"_self\" href=\"\/fr\/are-schools-required-to-provide-inclusive-washrooms-change-rooms-and-other-gendered-spaces\/\"><span class=\"screen-reader-text\">Les \u00e9coles sont-elles tenues de mettre \u00e0 disposition des toilettes, des vestiaires et d'autres espaces r\u00e9serv\u00e9s aux hommes et aux femmes ?<\/span><\/a><div class=\"column-image-bg-wrap column-bg-layer viewport-desktop\" data-bg-pos=\"center center\" data-bg-animation=\"none\" data-bg-overlay=\"false\"><div class=\"inner-wrap\"><div class=\"column-image-bg\" style=\" background-image: url('https:\/\/queerstudentrights.ca\/wp-content\/uploads\/2025\/09\/buchen-wang-_bXLDgVO3pQ-unsplash.jpg'); \"><\/div><\/div><\/div><div class=\"column-bg-overlay-wrap column-bg-layer\" data-bg-animation=\"none\"><div class=\"column-bg-overlay\" style=\"opacity: 0.5; background-color: #020000;\"><\/div><\/div>\n\t\t<div class=\"wpb_wrapper\">\n\t\t\t<h2 style=\"font-size: 48px;color: #ffffff;line-height: 50px;text-align: left\" class=\"vc_custom_heading vc_do_custom_heading\" >Les \u00e9coles sont-elles tenues de mettre \u00e0 disposition des toilettes, des vestiaires et d'autres espaces r\u00e9serv\u00e9s aux hommes et aux femmes ?<\/h2>\n\t\t<\/div> \n\t<\/div>\n\t<\/div> \n<\/div><\/div>\n\t\t\t<\/div> \n\t\t<\/div>\n\t<\/div> \n<\/div><\/div>","protected":false},"excerpt":{"rendered":"The Right to Dignity: Being Respected and Valued for Who You Are Home Every student deserves to feel respected, valued, and included at school. This is an important part of...","protected":false},"author":3454,"featured_media":0,"parent":752,"menu_order":0,"comment_status":"closed","ping_status":"closed","template":"","meta":{"footnotes":""},"wf_page_folders":[27],"class_list":["post-592","page","type-page","status-publish"],"yoast_head":"<!-- This site is optimized with the Yoast SEO plugin v26.1.1 - https:\/\/yoast.com\/wordpress\/plugins\/seo\/ -->\n<title>The Right to Dignity: Being Respected and Valued for Who You Are - Know Your Rights<\/title>\n<meta name=\"robots\" content=\"index, follow, max-snippet:-1, max-image-preview:large, max-video-preview:-1\" \/>\n<link rel=\"canonical\" href=\"https:\/\/queerstudentrights.ca\/fr\/your-rights\/the-right-to-dignity-being-respected-and-valued-for-who-you-are\/\" \/>\n<meta property=\"og:locale\" content=\"fr_CA\" \/>\n<meta property=\"og:type\" content=\"article\" \/>\n<meta property=\"og:title\" content=\"The Right to Dignity: Being Respected and Valued for Who You Are - Know Your Rights\" \/>\n<meta property=\"og:url\" content=\"https:\/\/queerstudentrights.ca\/fr\/your-rights\/the-right-to-dignity-being-respected-and-valued-for-who-you-are\/\" \/>\n<meta property=\"og:site_name\" content=\"Know Your Rights\" \/>\n<meta property=\"article:modified_time\" content=\"2025-09-29T17:48:20+00:00\" \/>\n<meta name=\"twitter:card\" content=\"summary_large_image\" \/>\n<meta name=\"twitter:label1\" content=\"Estimation du temps de lecture\" \/>\n\t<meta name=\"twitter:data1\" content=\"1 minute\" \/>\n<script type=\"application\/ld+json\" class=\"yoast-schema-graph\">{\"@context\":\"https:\/\/schema.org\",\"@graph\":[{\"@type\":\"WebPage\",\"@id\":\"https:\/\/queerstudentrights.ca\/your-rights\/the-right-to-dignity-being-respected-and-valued-for-who-you-are\/\",\"url\":\"https:\/\/queerstudentrights.ca\/your-rights\/the-right-to-dignity-being-respected-and-valued-for-who-you-are\/\",\"name\":\"The Right to Dignity: Being Respected and Valued for Who You Are - Know Your Rights\",\"isPartOf\":{\"@id\":\"https:\/\/queerstudentrights.ca\/#website\"},\"datePublished\":\"2025-09-18T14:15:44+00:00\",\"dateModified\":\"2025-09-29T17:48:20+00:00\",\"breadcrumb\":{\"@id\":\"https:\/\/queerstudentrights.ca\/your-rights\/the-right-to-dignity-being-respected-and-valued-for-who-you-are\/#breadcrumb\"},\"inLanguage\":\"fr-CA\",\"potentialAction\":[{\"@type\":\"ReadAction\",\"target\":[\"https:\/\/queerstudentrights.ca\/your-rights\/the-right-to-dignity-being-respected-and-valued-for-who-you-are\/\"]}]},{\"@type\":\"BreadcrumbList\",\"@id\":\"https:\/\/queerstudentrights.ca\/your-rights\/the-right-to-dignity-being-respected-and-valued-for-who-you-are\/#breadcrumb\",\"itemListElement\":[{\"@type\":\"ListItem\",\"position\":1,\"name\":\"Home\",\"item\":\"https:\/\/queerstudentrights.ca\/\"},{\"@type\":\"ListItem\",\"position\":2,\"name\":\"Student Rights\",\"item\":\"https:\/\/queerstudentrights.ca\/your-rights\/\"},{\"@type\":\"ListItem\",\"position\":3,\"name\":\"The Right to Dignity: Being Respected and Valued for Who You Are\"}]},{\"@type\":\"WebSite\",\"@id\":\"https:\/\/queerstudentrights.ca\/#website\",\"url\":\"https:\/\/queerstudentrights.ca\/\",\"name\":\"Know Your Rights: A Guide for Queer Students\",\"description\":\"A Guide for Queer Students in Schools\",\"publisher\":{\"@id\":\"https:\/\/queerstudentrights.ca\/#organization\"},\"potentialAction\":[{\"@type\":\"SearchAction\",\"target\":{\"@type\":\"EntryPoint\",\"urlTemplate\":\"https:\/\/queerstudentrights.ca\/?s={search_term_string}\"},\"query-input\":{\"@type\":\"PropertyValueSpecification\",\"valueRequired\":true,\"valueName\":\"search_term_string\"}}],\"inLanguage\":\"fr-CA\"},{\"@type\":\"Organization\",\"@id\":\"https:\/\/queerstudentrights.ca\/#organization\",\"name\":\"Canadian Civil Liberties Association\",\"url\":\"https:\/\/queerstudentrights.ca\/\",\"logo\":{\"@type\":\"ImageObject\",\"inLanguage\":\"fr-CA\",\"@id\":\"https:\/\/queerstudentrights.ca\/#\/schema\/logo\/image\/\",\"url\":\"https:\/\/queerstudentrights.ca\/wp-content\/uploads\/2025\/09\/cropped-CCLA-gravatar.png\",\"contentUrl\":\"https:\/\/queerstudentrights.ca\/wp-content\/uploads\/2025\/09\/cropped-CCLA-gravatar.png\",\"width\":512,\"height\":512,\"caption\":\"Canadian Civil Liberties Association\"},\"image\":{\"@id\":\"https:\/\/queerstudentrights.ca\/#\/schema\/logo\/image\/\"}}]}<\/script>\n<!-- \/ Yoast SEO plugin. -->","yoast_head_json":{"title":"The Right to Dignity: Being Respected and Valued for Who You Are - Know Your Rights","robots":{"index":"index","follow":"follow","max-snippet":"max-snippet:-1","max-image-preview":"max-image-preview:large","max-video-preview":"max-video-preview:-1"},"canonical":"https:\/\/queerstudentrights.ca\/fr\/your-rights\/the-right-to-dignity-being-respected-and-valued-for-who-you-are\/","og_locale":"fr_CA","og_type":"article","og_title":"The Right to Dignity: Being Respected and Valued for Who You Are - Know Your Rights","og_url":"https:\/\/queerstudentrights.ca\/fr\/your-rights\/the-right-to-dignity-being-respected-and-valued-for-who-you-are\/","og_site_name":"Know Your Rights","article_modified_time":"2025-09-29T17:48:20+00:00","twitter_card":"summary_large_image","twitter_misc":{"Estimation du temps de lecture":"1 minute"},"schema":{"@context":"https:\/\/schema.org","@graph":[{"@type":"WebPage","@id":"https:\/\/queerstudentrights.ca\/your-rights\/the-right-to-dignity-being-respected-and-valued-for-who-you-are\/","url":"https:\/\/queerstudentrights.ca\/your-rights\/the-right-to-dignity-being-respected-and-valued-for-who-you-are\/","name":"The Right to Dignity: Being Respected and Valued for Who You Are - Know Your Rights","isPartOf":{"@id":"https:\/\/queerstudentrights.ca\/#website"},"datePublished":"2025-09-18T14:15:44+00:00","dateModified":"2025-09-29T17:48:20+00:00","breadcrumb":{"@id":"https:\/\/queerstudentrights.ca\/your-rights\/the-right-to-dignity-being-respected-and-valued-for-who-you-are\/#breadcrumb"},"inLanguage":"fr-CA","potentialAction":[{"@type":"ReadAction","target":["https:\/\/queerstudentrights.ca\/your-rights\/the-right-to-dignity-being-respected-and-valued-for-who-you-are\/"]}]},{"@type":"BreadcrumbList","@id":"https:\/\/queerstudentrights.ca\/your-rights\/the-right-to-dignity-being-respected-and-valued-for-who-you-are\/#breadcrumb","itemListElement":[{"@type":"ListItem","position":1,"name":"Home","item":"https:\/\/queerstudentrights.ca\/"},{"@type":"ListItem","position":2,"name":"Student Rights","item":"https:\/\/queerstudentrights.ca\/your-rights\/"},{"@type":"ListItem","position":3,"name":"The Right to Dignity: Being Respected and Valued for Who You Are"}]},{"@type":"WebSite","@id":"https:\/\/queerstudentrights.ca\/#website","url":"https:\/\/queerstudentrights.ca\/","name":"Connaissez vos droits : Un guide pour les \u00e9tudiants homosexuels","description":"Guide \u00e0 l'intention des \u00e9l\u00e8ves homosexuels dans les \u00e9coles","publisher":{"@id":"https:\/\/queerstudentrights.ca\/#organization"},"potentialAction":[{"@type":"SearchAction","target":{"@type":"EntryPoint","urlTemplate":"https:\/\/queerstudentrights.ca\/?s={search_term_string}"},"query-input":{"@type":"PropertyValueSpecification","valueRequired":true,"valueName":"search_term_string"}}],"inLanguage":"fr-CA"},{"@type":"Organization","@id":"https:\/\/queerstudentrights.ca\/#organization","name":"Association canadienne des libert\u00e9s civiles","url":"https:\/\/queerstudentrights.ca\/","logo":{"@type":"ImageObject","inLanguage":"fr-CA","@id":"https:\/\/queerstudentrights.ca\/#\/schema\/logo\/image\/","url":"https:\/\/queerstudentrights.ca\/wp-content\/uploads\/2025\/09\/cropped-CCLA-gravatar.png","contentUrl":"https:\/\/queerstudentrights.ca\/wp-content\/uploads\/2025\/09\/cropped-CCLA-gravatar.png","width":512,"height":512,"caption":"Canadian Civil Liberties Association"},"image":{"@id":"https:\/\/queerstudentrights.ca\/#\/schema\/logo\/image\/"}}]}},"_links":{"self":[{"href":"https:\/\/queerstudentrights.ca\/fr\/wp-json\/wp\/v2\/pages\/592","targetHints":{"allow":["GET"]}}],"collection":[{"href":"https:\/\/queerstudentrights.ca\/fr\/wp-json\/wp\/v2\/pages"}],"about":[{"href":"https:\/\/queerstudentrights.ca\/fr\/wp-json\/wp\/v2\/types\/page"}],"author":[{"embeddable":true,"href":"https:\/\/queerstudentrights.ca\/fr\/wp-json\/wp\/v2\/users\/3454"}],"replies":[{"embeddable":true,"href":"https:\/\/queerstudentrights.ca\/fr\/wp-json\/wp\/v2\/comments?post=592"}],"version-history":[{"count":11,"href":"https:\/\/queerstudentrights.ca\/fr\/wp-json\/wp\/v2\/pages\/592\/revisions"}],"predecessor-version":[{"id":1134,"href":"https:\/\/queerstudentrights.ca\/fr\/wp-json\/wp\/v2\/pages\/592\/revisions\/1134"}],"up":[{"embeddable":true,"href":"https:\/\/queerstudentrights.ca\/fr\/wp-json\/wp\/v2\/pages\/752"}],"wp:attachment":[{"href":"https:\/\/queerstudentrights.ca\/fr\/wp-json\/wp\/v2\/media?parent=592"}],"wp:term":[{"taxonomy":"wf_page_folders","embeddable":true,"href":"https:\/\/queerstudentrights.ca\/fr\/wp-json\/wp\/v2\/wf_page_folders?post=592"}],"curies":[{"name":"wp","href":"https:\/\/api.w.org\/{rel}","templated":true}]}}