{"id":491,"date":"2025-09-15T11:51:18","date_gmt":"2025-09-15T15:51:18","guid":{"rendered":"https:\/\/queerstudentrights.ca\/?page_id=491"},"modified":"2025-10-02T13:33:52","modified_gmt":"2025-10-02T17:33:52","slug":"what-does-discrimination-include","status":"publish","type":"page","link":"https:\/\/queerstudentrights.ca\/fr\/your-rights\/the-right-to-equality-freedom-from-discrimination\/what-is-the-right-to-equality\/what-does-discrimination-include\/","title":{"rendered":"Qu'est-ce que la \"discrimination\" ?"},"content":{"rendered":"<div id=\"fws_69f34d27ba4f5\"  data-column-margin=\"default\" data-midnight=\"dark\"  class=\"wpb_row vc_row-fluid vc_row\"  style=\"padding-top: 0px; padding-bottom: 0px; \"><div class=\"row-bg-wrap\" data-bg-animation=\"none\" data-bg-animation-delay=\"\" data-bg-overlay=\"false\"><div class=\"inner-wrap row-bg-layer\" ><div class=\"row-bg viewport-desktop\"  style=\"\"><\/div><\/div><\/div><div class=\"row_col_wrap_12 col span_12 dark left\">\n\t<div  class=\"vc_col-sm-12 wpb_column column_container vc_column_container col no-extra-padding inherit_tablet inherit_phone\"  data-padding-pos=\"all\" data-has-bg-color=\"false\" data-bg-color=\"\" data-bg-opacity=\"1\" data-animation=\"\" data-delay=\"0\" >\n\t\t<div class=\"vc_column-inner\" >\n\t\t\t<div class=\"wpb_wrapper\">\n\t\t\t\t\n\t\t<div id=\"fws_69f34d27bb69e\"  data-column-margin=\"default\" data-midnight=\"dark\" data-top-percent=\"6%\" data-bottom-percent=\"6%\"  class=\"wpb_row vc_row-fluid vc_row full-width-section\"  style=\"padding-top: calc(100vw * 0.06); padding-bottom: calc(100vw * 0.06); \"><div class=\"row-bg-wrap\" data-bg-animation=\"none\" data-bg-animation-delay=\"\" data-bg-overlay=\"true\"><div class=\"inner-wrap row-bg-layer using-image\" ><div class=\"row-bg viewport-desktop using-image using-bg-color\"  style=\"background-image: url(https:\/\/queerstudentrights.ca\/wp-content\/uploads\/2025\/09\/heather-mount-ooCsfLmCeeE-unsplash.jpg); background-position: center center; background-repeat: no-repeat; background-color: #49479d; \"><\/div><\/div><div class=\"row-bg-overlay row-bg-layer\" style=\"background-color:#49479d;  opacity: 0.8; \"><\/div><\/div><div class=\"nectar-shape-divider-wrap\" style=\" height:80px;\"  data-height=\"80\" data-front=\"true\" data-style=\"mountains\" data-position=\"bottom\" ><svg class=\"nectar-shape-divider\" fill=\"#ffffff\" xmlns=\"http:\/\/www.w3.org\/2000\/svg\" viewbox=\"0 0 1000 300\" preserveaspectratio=\"none\">\n          <path d=\"M 1014 264 v 122 h -808 l -172 -86 s 310.42 -22.84 402 -79 c 106 -65 154 -61 268 -12 c 107 46 195.11 5.94 275 137 z\"><\/path>   <path d=\"M -302 55 s 235.27 208.25 352 159 c 128 -54 233 -98 303 -73 c 92.68 33.1 181.28 115.19 235 108 c 104.9 -14 176.52 -173.06 267 -118 c 85.61 52.09 145 123 145 123 v 74 l -1306 10 z\"><\/path>\n          <path d=\"M -286 255 s 214 -103 338 -129 s 203 29 384 101 c 145.57 57.91 178.7 50.79 272 0 c 79 -43 301 -224 385 -63 c 53 101.63 -62 129 -62 129 l -107 84 l -1212 12 z\"><\/path>\n          <path d=\"M -24 69 s 299.68 301.66 413 245 c 8 -4 233 2 284 42 c 17.47 13.7 172 -132 217 -174 c 54.8 -51.15 128 -90 188 -39 c 76.12 64.7 118 99 118 99 l -12 132 l -1212 12 z\"><\/path>\n          <path d=\"M -12 201 s 70 83 194 57 s 160.29 -36.77 274 6 c 109 41 184.82 24.36 265 -15 c 55 -27 116.5 -57.69 214 4 c 49 31 95 26 95 26 l -6 151 l -1036 10 z\"><\/path> <\/svg><\/div><div class=\"row_col_wrap_12 col span_12 dark left\">\n\t<div  class=\"vc_col-sm-12 wpb_column column_container vc_column_container col no-extra-padding inherit_tablet inherit_phone\"  data-padding-pos=\"all\" data-has-bg-color=\"false\" data-bg-color=\"\" data-bg-opacity=\"1\" data-animation=\"\" data-delay=\"0\" >\n\t\t<div class=\"vc_column-inner\" >\n\t\t\t<div class=\"wpb_wrapper\">\n\t\t\t\t<div class=\"nectar-highlighted-text font_size_11vh\" data-style=\"text_outline\" data-outline-thickness=\"regular\" data-user-color=\"true\" style=\"color: #ffffff;\" data-using-custom-color=\"false\" data-animation-delay=\"false\" data-color=\"\" data-color-gradient=\"\"><h1 style=\"line-height: .9em\"><em>Le droit \u00e0 l'\u00e9galit\u00e9 :<\/em><\/h1>\n<\/div><h2 style=\"font-size: 38px;color: #ffffff;line-height: 1;text-align: left\" class=\"vc_custom_heading vc_do_custom_heading\" >Absence de discrimination<\/h2>\n\t\t\t<\/div> \n\t\t<\/div>\n\t<\/div> \n<\/div><\/div>\n\t\t<div id=\"fws_69f34d27bc967\"  data-column-margin=\"default\" data-midnight=\"dark\"  class=\"wpb_row vc_row-fluid vc_row\"  style=\"padding-top: 0px; padding-bottom: 0px; \"><div class=\"row-bg-wrap\" data-bg-animation=\"none\" data-bg-animation-delay=\"\" data-bg-overlay=\"false\"><div class=\"inner-wrap row-bg-layer\" ><div class=\"row-bg viewport-desktop\"  style=\"\"><\/div><\/div><\/div><div class=\"row_col_wrap_12 col span_12 dark left\">\n\t<div  class=\"vc_col-sm-12 wpb_column column_container vc_column_container col padding-2-percent inherit_tablet inherit_phone\"  data-padding-pos=\"top-bottom\" data-has-bg-color=\"false\" data-bg-color=\"\" data-bg-opacity=\"1\" data-animation=\"\" data-delay=\"0\" >\n\t\t<div class=\"vc_column-inner\" >\n\t\t\t<div class=\"wpb_wrapper\">\n\t\t\t\t\n\t<div class=\"wpb_raw_code wpb_raw_html wpb_content_element\" >\n\t\t<div class=\"wpb_wrapper\">\n\t\t\t<span><span><a href=\"https:\/\/queerstudentrights.ca\/fr\/\">Accueil<\/a><\/span><\/span>\n\t\t<\/div>\n\t<\/div>\n\n\t\t\t<\/div> \n\t\t<\/div>\n\t<\/div> \n<\/div><\/div>\n<style type=\"text\/css\" data-type=\"vc_shortcodes-default-css\">.vc_do_custom_heading{margin-bottom:0.625rem;margin-top:0;}<\/style>\n\t\t\t<\/div> \n\t\t<\/div>\n\t<\/div> \n<\/div><\/div>\n\t\t<div id=\"fws_69f34d27bfa72\"  data-column-margin=\"default\" data-midnight=\"dark\" data-bottom-percent=\"2%\"  class=\"wpb_row vc_row-fluid vc_row full-width-section  top_padding_phone_4pct bottom_padding_phone_4pct\"  style=\"padding-top: 0px; padding-bottom: calc(100vw * 0.02); \"><div class=\"row-bg-wrap\" data-bg-animation=\"none\" data-bg-animation-delay=\"\" data-bg-overlay=\"false\"><div class=\"inner-wrap row-bg-layer\" ><div class=\"row-bg viewport-desktop\"  style=\"\"><\/div><\/div><\/div><div class=\"row_col_wrap_12 col span_12 dark left\">\n\t<div  class=\"vc_col-sm-12 wpb_column column_container vc_column_container col no-extra-padding inherit_tablet inherit_phone\"  data-padding-pos=\"all\" data-has-bg-color=\"false\" data-bg-color=\"\" data-bg-opacity=\"1\" data-animation=\"\" data-delay=\"0\" >\n\t\t<div class=\"vc_column-inner\" >\n\t\t\t<div class=\"wpb_wrapper\">\n\t\t\t\t<h2 style=\"color: #49479d;text-align: left\" class=\"vc_custom_heading vc_do_custom_heading\" >Qu'entend-on par \"discrimination\" ?<\/h2>\n<div class=\"wpb_text_column wpb_content_element\" >\n\t<div class=\"wpb_wrapper\">\n\t\t<p>Il y a discrimination lorsque quelqu'un vous traite injustement - ou n'agit pas pour vous prot\u00e9ger - en raison de ce que vous \u00eates. <strong>La discrimination peut prendre de nombreuses formes<\/strong>. Parfois, la discrimination est \u00e9vidente et flagrante, mais d'autres types de discrimination peuvent \u00eatre plus subtils. Parmi les exemples de diff\u00e9rents types de discrimination, citons les commentaires homophobes, les brimades ou le harc\u00e8lement qui ne sont pas contest\u00e9s ou trait\u00e9s par les autorit\u00e9s scolaires, les programmes scolaires qui excluent certaines relations ou les b\u00e2timents qui ne sont pas adapt\u00e9s \u00e0 l'utilisation par les \u00e9l\u00e8ves qui ont besoin d'am\u00e9nagements. Voici quelques types de discrimination :<\/p>\n\t<\/div>\n<\/div>\n\n\n\n<div class=\"toggles\" data-br=\"\" data-starting=\"default\" data-style=\"minimal\"><div class=\"toggle accent-color\" data-inner-wrap=\"true\"><h3 class=\"toggle-title\"><a href=\"#\" role=\"button\" class=\"nectar-inherit-h4 toggle-heading\"><i role=\"presentation\" class=\"fa fa-plus-circle\"><\/i>Discrimination directe<\/a><\/h3><div><div class=\"inner-toggle-wrap\">\n<div class=\"wpb_text_column wpb_content_element\" >\n\t<div class=\"wpb_wrapper\">\n\t\t<p>La discrimination directe est g\u00e9n\u00e9ralement la plus facile \u00e0 remarquer, car elle se produit lorsque quelqu'un vous traite explicitement diff\u00e9remment en raison de votre orientation sexuelle, de votre identit\u00e9 de genre ou d'autres aspects de votre identit\u00e9.<\/p>\n<p>La discrimination intentionnelle comprend, par exemple<\/p>\n<ul>\n<li>Si un enseignant refuse de se r\u00e9f\u00e9rer \u00e0 un \u00e9l\u00e8ve transgenre par le nom et les pronoms choisis par l'\u00e9l\u00e8ve.<\/li>\n<li>Si un directeur d'\u00e9cole se trompe d\u00e9lib\u00e9r\u00e9ment sur le genre d'un \u00e9l\u00e8ve trans ou non binaire.<\/li>\n<li>Si une \u00e9cole interdit \u00e0 un \u00e9l\u00e8ve d'emmener son partenaire de m\u00eame sexe \u00e0 une soir\u00e9e dansante.<\/li>\n<\/ul>\n<p>Les repr\u00e9sailles peuvent \u00e9galement constituer une forme de discrimination. En voici un exemple :<\/p>\n<ul>\n<li>Si une \u00e9cole menace un \u00e9l\u00e8ve de sanctions disciplinaires s'il appelle son club d'\u00e9tudiants \"Gay-Straight Alliance\" ou \"Queer-Straight Alliance\".<\/li>\n<li>Si une \u00e9cole tente de punir un \u00e9l\u00e8ve pour avoir fait valoir ses droits et menace de partager des informations sur l'orientation sexuelle ou l'identit\u00e9 de genre de l'\u00e9l\u00e8ve sans son consentement.<\/li>\n<\/ul>\n<p>Une omission ou un d\u00e9faut d'action peut \u00e9galement constituer une discrimination. Par exemple, une omission ou un manquement \u00e0 l'obligation d'agir peut \u00e9galement constituer une discrimination :<\/p>\n<ul>\n<li>Si un enseignant ne prend pas de mesures alors qu'il a entendu un \u00e9l\u00e8ve utiliser fr\u00e9quemment des insultes homophobes \u00e0 l'\u00e9gard d'un de ses camarades de classe.<\/li>\n<\/ul>\n<p>Le harc\u00e8lement, les brimades, le harc\u00e8lement sexuel ou le fait de ne pas traiter ou pr\u00e9venir le harc\u00e8lement sont \u00e9galement des formes de discrimination directe.<\/p>\n\t<\/div>\n<\/div>\n\n\n\n<\/div><\/div><\/div><div class=\"toggle accent-color\" data-inner-wrap=\"true\"><h3 class=\"toggle-title\"><a href=\"#\" role=\"button\" class=\"nectar-inherit-h4 toggle-heading\"><i role=\"presentation\" class=\"fa fa-plus-circle\"><\/i>Discrimination indirecte<\/a><\/h3><div><div class=\"inner-toggle-wrap\">\n<div class=\"wpb_text_column wpb_content_element\" >\n\t<div class=\"wpb_wrapper\">\n\t\t<p>La discrimination indirecte (parfois appel\u00e9e \"discrimination par suite d'effets pr\u00e9judiciables\" en droit canadien) se produit lorsqu'une pratique ou une r\u00e8gle s'applique \u00e0 tous de la m\u00eame mani\u00e8re et semble \"neutre\", mais qu'elle nuit en r\u00e9alit\u00e9 \u00e0 certains groupes plus qu'\u00e0 d'autres, que ce r\u00e9sultat soit intentionnel ou non.<\/p>\n<p>Par exemple :<\/p>\n<ul>\n<li>Obliger les enseignants \u00e0 utiliser le nom l\u00e9gal des \u00e9l\u00e8ves sur les listes de pr\u00e9sence. Cette exigence n'aura pas d'incidence sur la plupart des \u00e9l\u00e8ves cisgenres, mais elle peut mettre les \u00e9l\u00e8ves transgenres mal \u00e0 l'aise ou les faire appara\u00eetre aux yeux de leurs camarades de classe.<\/li>\n<\/ul>\n\t<\/div>\n<\/div>\n\n\n\n<\/div><\/div><\/div><div class=\"toggle accent-color\" data-inner-wrap=\"true\"><h3 class=\"toggle-title\"><a href=\"#\" role=\"button\" class=\"nectar-inherit-h4 toggle-heading\"><i role=\"presentation\" class=\"fa fa-plus-circle\"><\/i>Discrimination syst\u00e9mique<\/a><\/h3><div><div class=\"inner-toggle-wrap\">\n<div class=\"wpb_text_column wpb_content_element\" >\n\t<div class=\"wpb_wrapper\">\n\t\t<p>La discrimination syst\u00e9mique fait r\u00e9f\u00e9rence aux politiques, pratiques et structures qui cr\u00e9ent ou maintiennent un d\u00e9savantage pour certains groupes, tels que les \u00e9tudiants homosexuels. Cette forme de discrimination peut \u00eatre plus difficile \u00e0 identifier parce qu'on vous a peut-\u00eatre dit que c'\u00e9tait \"comme \u00e7a\". Toutefois, si les structures institutionnelles sont \u00e9tablies de mani\u00e8re \u00e0 vous exclure en raison de votre orientation sexuelle ou de votre identit\u00e9 de genre, il s'agit toujours d'une forme de discrimination.<\/p>\n<p>Par exemple :<\/p>\n<ul>\n<li>Les toilettes des \u00e9coles sont con\u00e7ues pour \u00eatre utilis\u00e9es par un seul sexe afin de maximiser l'espace et l'efficacit\u00e9, sans reconna\u00eetre les probl\u00e8mes potentiels que des toilettes genr\u00e9es pourraient causer. Les \u00e9l\u00e8ves transgenres et non binaires peuvent se sentir mal \u00e0 l'aise lorsqu'ils utilisent des toilettes mixtes. Si les \u00e9coles ne leur proposent pas d'autres options, il peut s'agir d'une forme de discrimination syst\u00e9mique.<\/li>\n<li>Les programmes d'\u00e9ducation sexuelle et de sant\u00e9 d\u00e9pass\u00e9s ont \u00e9t\u00e9 con\u00e7us uniquement pour les relations h\u00e9t\u00e9rosexuelles. Lorsque les \u00e9coles utilisent ces programmes dans leurs classes, elles peuvent exclure les \u00e9l\u00e8ves homosexuels des informations n\u00e9cessaires sur la sant\u00e9, l'anatomie, la s\u00e9curit\u00e9, le consentement, l'amour, les familles et les relations.<\/li>\n<\/ul>\n\t<\/div>\n<\/div>\n\n\n\n<\/div><\/div><\/div><div class=\"toggle accent-color\" data-inner-wrap=\"true\"><h3 class=\"toggle-title\"><a href=\"#\" role=\"button\" class=\"nectar-inherit-h4 toggle-heading\"><i role=\"presentation\" class=\"fa fa-plus-circle\"><\/i>Discrimination intersectionnelle<\/a><\/h3><div><div class=\"inner-toggle-wrap\">\n<div class=\"wpb_text_column wpb_content_element\" >\n\t<div class=\"wpb_wrapper\">\n\t\t<p>L'intersectionnalit\u00e9 reconna\u00eet que les diff\u00e9rentes parties de notre identit\u00e9, telles que notre race, notre identit\u00e9 de genre, notre orientation sexuelle ou notre handicap, sont toutes li\u00e9es et ont un impact sur vous. Par cons\u00e9quent, il arrive que la discrimination ne soit pas fond\u00e9e sur une seule partie de l'identit\u00e9. En voici un exemple :<\/p>\n<ul>\n<li>Les \u00e9l\u00e8ves homosexuels autochtones ou racialis\u00e9s peuvent \u00eatre confront\u00e9s \u00e0 des obstacles particuliers et \u00e0 des taux de violence plus \u00e9lev\u00e9s \u00e0 l'\u00e9cole que les \u00e9l\u00e8ves homosexuels blancs. Il s'agit l\u00e0 d'un exemple de discrimination intersectionnelle - l'intersection de l'orientation sexuelle\/identit\u00e9 de genre et de la race entra\u00eene des pr\u00e9judices et des pr\u00e9judices suppl\u00e9mentaires.<\/li>\n<\/ul>\n\t<\/div>\n<\/div>\n\n\n\n<\/div><\/div><\/div><\/div>\n\n\n\n\n\n\n\n\n\n\n\n\n\n\n\n\n\n\n\n\n<div class=\"wpb_text_column wpb_content_element\" >\n\t<div class=\"wpb_wrapper\">\n\t\t<p><em>Si vous pensez que votre droit \u00e0 l'\u00e9galit\u00e9 et \u00e0 la non-discrimination a \u00e9t\u00e9 viol\u00e9 et que vous vous interrogez sur la marche \u00e0 suivre, veuillez consulter la section intitul\u00e9e \"<a href=\"https:\/\/queerstudentrights.ca\/fr\/what-to-do-if-you-think-your-rights-have-been-violated\/\">Que faire si vous pensez que vos droits ont \u00e9t\u00e9 viol\u00e9s ?<\/a><\/em><em>\"ainsi que la liste des <a href=\"https:\/\/queerstudentrights.ca\/fr\/resources\/\">Ressources<\/a> \u00e0 la fin de ce guide.<\/em><\/p>\n\t<\/div>\n<\/div>\n\n\n\n\n\t\t\t<\/div> \n\t\t<\/div>\n\t<\/div> \n<\/div><\/div>","protected":false},"excerpt":{"rendered":"The Right to Equality: Freedom from Discrimination Home What Does \u201cDiscrimination\u201d Include? Discrimination happens when someone treats you unfairly\u2014or fails to act to protect you\u2014because of who you are. Discrimination...","protected":false},"author":3454,"featured_media":0,"parent":490,"menu_order":0,"comment_status":"closed","ping_status":"closed","template":"","meta":{"footnotes":""},"wf_page_folders":[25],"class_list":["post-491","page","type-page","status-publish"],"yoast_head":"<!-- This site is optimized with the Yoast SEO plugin v26.1.1 - https:\/\/yoast.com\/wordpress\/plugins\/seo\/ -->\n<title>What does \u201cdiscrimination\u201d include? - Know Your Rights<\/title>\n<meta name=\"robots\" content=\"index, follow, max-snippet:-1, max-image-preview:large, max-video-preview:-1\" \/>\n<link rel=\"canonical\" href=\"https:\/\/queerstudentrights.ca\/fr\/your-rights\/the-right-to-equality-freedom-from-discrimination\/what-is-the-right-to-equality\/what-does-discrimination-include\/\" \/>\n<meta property=\"og:locale\" content=\"fr_CA\" \/>\n<meta property=\"og:type\" content=\"article\" \/>\n<meta property=\"og:title\" content=\"What does \u201cdiscrimination\u201d include? - Know Your Rights\" \/>\n<meta property=\"og:url\" content=\"https:\/\/queerstudentrights.ca\/fr\/your-rights\/the-right-to-equality-freedom-from-discrimination\/what-is-the-right-to-equality\/what-does-discrimination-include\/\" \/>\n<meta property=\"og:site_name\" content=\"Know Your Rights\" \/>\n<meta property=\"article:modified_time\" content=\"2025-10-02T17:33:52+00:00\" \/>\n<meta name=\"twitter:card\" content=\"summary_large_image\" \/>\n<meta name=\"twitter:label1\" content=\"Estimation du temps de lecture\" \/>\n\t<meta name=\"twitter:data1\" content=\"3 minutes\" \/>\n<script type=\"application\/ld+json\" class=\"yoast-schema-graph\">{\"@context\":\"https:\/\/schema.org\",\"@graph\":[{\"@type\":\"WebPage\",\"@id\":\"https:\/\/queerstudentrights.ca\/your-rights\/the-right-to-equality-freedom-from-discrimination\/what-is-the-right-to-equality\/what-does-discrimination-include\/\",\"url\":\"https:\/\/queerstudentrights.ca\/your-rights\/the-right-to-equality-freedom-from-discrimination\/what-is-the-right-to-equality\/what-does-discrimination-include\/\",\"name\":\"What does \u201cdiscrimination\u201d include? - Know Your Rights\",\"isPartOf\":{\"@id\":\"https:\/\/queerstudentrights.ca\/#website\"},\"datePublished\":\"2025-09-15T15:51:18+00:00\",\"dateModified\":\"2025-10-02T17:33:52+00:00\",\"breadcrumb\":{\"@id\":\"https:\/\/queerstudentrights.ca\/your-rights\/the-right-to-equality-freedom-from-discrimination\/what-is-the-right-to-equality\/what-does-discrimination-include\/#breadcrumb\"},\"inLanguage\":\"fr-CA\",\"potentialAction\":[{\"@type\":\"ReadAction\",\"target\":[\"https:\/\/queerstudentrights.ca\/your-rights\/the-right-to-equality-freedom-from-discrimination\/what-is-the-right-to-equality\/what-does-discrimination-include\/\"]}]},{\"@type\":\"BreadcrumbList\",\"@id\":\"https:\/\/queerstudentrights.ca\/your-rights\/the-right-to-equality-freedom-from-discrimination\/what-is-the-right-to-equality\/what-does-discrimination-include\/#breadcrumb\",\"itemListElement\":[{\"@type\":\"ListItem\",\"position\":1,\"name\":\"Home\",\"item\":\"https:\/\/queerstudentrights.ca\/\"},{\"@type\":\"ListItem\",\"position\":2,\"name\":\"Student Rights\",\"item\":\"https:\/\/queerstudentrights.ca\/your-rights\/\"},{\"@type\":\"ListItem\",\"position\":3,\"name\":\"The Right to Equality: Freedom from Discrimination\",\"item\":\"https:\/\/queerstudentrights.ca\/your-rights\/the-right-to-equality-freedom-from-discrimination\/\"},{\"@type\":\"ListItem\",\"position\":4,\"name\":\"What is the Right to Equality?\",\"item\":\"https:\/\/queerstudentrights.ca\/your-rights\/the-right-to-equality-freedom-from-discrimination\/what-is-the-right-to-equality\/\"},{\"@type\":\"ListItem\",\"position\":5,\"name\":\"What does \u201cdiscrimination\u201d include?\"}]},{\"@type\":\"WebSite\",\"@id\":\"https:\/\/queerstudentrights.ca\/#website\",\"url\":\"https:\/\/queerstudentrights.ca\/\",\"name\":\"Know Your Rights: A Guide for Queer Students\",\"description\":\"A Guide for Queer Students in Schools\",\"publisher\":{\"@id\":\"https:\/\/queerstudentrights.ca\/#organization\"},\"potentialAction\":[{\"@type\":\"SearchAction\",\"target\":{\"@type\":\"EntryPoint\",\"urlTemplate\":\"https:\/\/queerstudentrights.ca\/?s={search_term_string}\"},\"query-input\":{\"@type\":\"PropertyValueSpecification\",\"valueRequired\":true,\"valueName\":\"search_term_string\"}}],\"inLanguage\":\"fr-CA\"},{\"@type\":\"Organization\",\"@id\":\"https:\/\/queerstudentrights.ca\/#organization\",\"name\":\"Canadian Civil Liberties Association\",\"url\":\"https:\/\/queerstudentrights.ca\/\",\"logo\":{\"@type\":\"ImageObject\",\"inLanguage\":\"fr-CA\",\"@id\":\"https:\/\/queerstudentrights.ca\/#\/schema\/logo\/image\/\",\"url\":\"https:\/\/queerstudentrights.ca\/wp-content\/uploads\/2025\/09\/cropped-CCLA-gravatar.png\",\"contentUrl\":\"https:\/\/queerstudentrights.ca\/wp-content\/uploads\/2025\/09\/cropped-CCLA-gravatar.png\",\"width\":512,\"height\":512,\"caption\":\"Canadian Civil Liberties Association\"},\"image\":{\"@id\":\"https:\/\/queerstudentrights.ca\/#\/schema\/logo\/image\/\"}}]}<\/script>\n<!-- \/ Yoast SEO plugin. -->","yoast_head_json":{"title":"What does \u201cdiscrimination\u201d include? - Know Your Rights","robots":{"index":"index","follow":"follow","max-snippet":"max-snippet:-1","max-image-preview":"max-image-preview:large","max-video-preview":"max-video-preview:-1"},"canonical":"https:\/\/queerstudentrights.ca\/fr\/your-rights\/the-right-to-equality-freedom-from-discrimination\/what-is-the-right-to-equality\/what-does-discrimination-include\/","og_locale":"fr_CA","og_type":"article","og_title":"What does \u201cdiscrimination\u201d include? - Know Your Rights","og_url":"https:\/\/queerstudentrights.ca\/fr\/your-rights\/the-right-to-equality-freedom-from-discrimination\/what-is-the-right-to-equality\/what-does-discrimination-include\/","og_site_name":"Know Your Rights","article_modified_time":"2025-10-02T17:33:52+00:00","twitter_card":"summary_large_image","twitter_misc":{"Estimation du temps de lecture":"3 minutes"},"schema":{"@context":"https:\/\/schema.org","@graph":[{"@type":"WebPage","@id":"https:\/\/queerstudentrights.ca\/your-rights\/the-right-to-equality-freedom-from-discrimination\/what-is-the-right-to-equality\/what-does-discrimination-include\/","url":"https:\/\/queerstudentrights.ca\/your-rights\/the-right-to-equality-freedom-from-discrimination\/what-is-the-right-to-equality\/what-does-discrimination-include\/","name":"What does \u201cdiscrimination\u201d include? - Know Your Rights","isPartOf":{"@id":"https:\/\/queerstudentrights.ca\/#website"},"datePublished":"2025-09-15T15:51:18+00:00","dateModified":"2025-10-02T17:33:52+00:00","breadcrumb":{"@id":"https:\/\/queerstudentrights.ca\/your-rights\/the-right-to-equality-freedom-from-discrimination\/what-is-the-right-to-equality\/what-does-discrimination-include\/#breadcrumb"},"inLanguage":"fr-CA","potentialAction":[{"@type":"ReadAction","target":["https:\/\/queerstudentrights.ca\/your-rights\/the-right-to-equality-freedom-from-discrimination\/what-is-the-right-to-equality\/what-does-discrimination-include\/"]}]},{"@type":"BreadcrumbList","@id":"https:\/\/queerstudentrights.ca\/your-rights\/the-right-to-equality-freedom-from-discrimination\/what-is-the-right-to-equality\/what-does-discrimination-include\/#breadcrumb","itemListElement":[{"@type":"ListItem","position":1,"name":"Home","item":"https:\/\/queerstudentrights.ca\/"},{"@type":"ListItem","position":2,"name":"Student Rights","item":"https:\/\/queerstudentrights.ca\/your-rights\/"},{"@type":"ListItem","position":3,"name":"The Right to Equality: Freedom from Discrimination","item":"https:\/\/queerstudentrights.ca\/your-rights\/the-right-to-equality-freedom-from-discrimination\/"},{"@type":"ListItem","position":4,"name":"What is the Right to Equality?","item":"https:\/\/queerstudentrights.ca\/your-rights\/the-right-to-equality-freedom-from-discrimination\/what-is-the-right-to-equality\/"},{"@type":"ListItem","position":5,"name":"What does \u201cdiscrimination\u201d include?"}]},{"@type":"WebSite","@id":"https:\/\/queerstudentrights.ca\/#website","url":"https:\/\/queerstudentrights.ca\/","name":"Connaissez vos droits : Un guide pour les \u00e9tudiants homosexuels","description":"Guide \u00e0 l'intention des \u00e9l\u00e8ves homosexuels dans les \u00e9coles","publisher":{"@id":"https:\/\/queerstudentrights.ca\/#organization"},"potentialAction":[{"@type":"SearchAction","target":{"@type":"EntryPoint","urlTemplate":"https:\/\/queerstudentrights.ca\/?s={search_term_string}"},"query-input":{"@type":"PropertyValueSpecification","valueRequired":true,"valueName":"search_term_string"}}],"inLanguage":"fr-CA"},{"@type":"Organization","@id":"https:\/\/queerstudentrights.ca\/#organization","name":"Association canadienne des libert\u00e9s civiles","url":"https:\/\/queerstudentrights.ca\/","logo":{"@type":"ImageObject","inLanguage":"fr-CA","@id":"https:\/\/queerstudentrights.ca\/#\/schema\/logo\/image\/","url":"https:\/\/queerstudentrights.ca\/wp-content\/uploads\/2025\/09\/cropped-CCLA-gravatar.png","contentUrl":"https:\/\/queerstudentrights.ca\/wp-content\/uploads\/2025\/09\/cropped-CCLA-gravatar.png","width":512,"height":512,"caption":"Canadian Civil Liberties Association"},"image":{"@id":"https:\/\/queerstudentrights.ca\/#\/schema\/logo\/image\/"}}]}},"_links":{"self":[{"href":"https:\/\/queerstudentrights.ca\/fr\/wp-json\/wp\/v2\/pages\/491","targetHints":{"allow":["GET"]}}],"collection":[{"href":"https:\/\/queerstudentrights.ca\/fr\/wp-json\/wp\/v2\/pages"}],"about":[{"href":"https:\/\/queerstudentrights.ca\/fr\/wp-json\/wp\/v2\/types\/page"}],"author":[{"embeddable":true,"href":"https:\/\/queerstudentrights.ca\/fr\/wp-json\/wp\/v2\/users\/3454"}],"replies":[{"embeddable":true,"href":"https:\/\/queerstudentrights.ca\/fr\/wp-json\/wp\/v2\/comments?post=491"}],"version-history":[{"count":8,"href":"https:\/\/queerstudentrights.ca\/fr\/wp-json\/wp\/v2\/pages\/491\/revisions"}],"predecessor-version":[{"id":1158,"href":"https:\/\/queerstudentrights.ca\/fr\/wp-json\/wp\/v2\/pages\/491\/revisions\/1158"}],"up":[{"embeddable":true,"href":"https:\/\/queerstudentrights.ca\/fr\/wp-json\/wp\/v2\/pages\/490"}],"wp:attachment":[{"href":"https:\/\/queerstudentrights.ca\/fr\/wp-json\/wp\/v2\/media?parent=491"}],"wp:term":[{"taxonomy":"wf_page_folders","embeddable":true,"href":"https:\/\/queerstudentrights.ca\/fr\/wp-json\/wp\/v2\/wf_page_folders?post=491"}],"curies":[{"name":"wp","href":"https:\/\/api.w.org\/{rel}","templated":true}]}}