{"id":477,"date":"2025-09-15T11:31:31","date_gmt":"2025-09-15T15:31:31","guid":{"rendered":"https:\/\/queerstudentrights.ca\/?page_id=477"},"modified":"2025-09-21T09:44:10","modified_gmt":"2025-09-21T13:44:10","slug":"how-to-use-this-guide","status":"publish","type":"page","link":"https:\/\/queerstudentrights.ca\/fr\/introduction\/how-to-use-this-guide\/","title":{"rendered":"Comment utiliser ce guide"},"content":{"rendered":"<div id=\"fws_69ea453a8e521\"  data-column-margin=\"default\" data-midnight=\"dark\"  class=\"wpb_row vc_row-fluid vc_row\"  style=\"padding-top: 0px; padding-bottom: 0px; \"><div class=\"row-bg-wrap\" data-bg-animation=\"none\" data-bg-animation-delay=\"\" data-bg-overlay=\"false\"><div class=\"inner-wrap row-bg-layer\" ><div class=\"row-bg viewport-desktop\"  style=\"\"><\/div><\/div><\/div><div class=\"row_col_wrap_12 col span_12 dark left\">\n\t<div  class=\"vc_col-sm-12 wpb_column column_container vc_column_container col no-extra-padding inherit_tablet inherit_phone\"  data-padding-pos=\"all\" data-has-bg-color=\"false\" data-bg-color=\"\" data-bg-opacity=\"1\" data-animation=\"\" data-delay=\"0\" >\n\t\t<div class=\"vc_column-inner\" >\n\t\t\t<div class=\"wpb_wrapper\">\n\t\t\t\t\n\t\t<div id=\"fws_69ea453a91e7d\"  data-column-margin=\"default\" data-midnight=\"dark\" data-top-percent=\"6%\" data-bottom-percent=\"6%\"  class=\"wpb_row vc_row-fluid vc_row full-width-section\"  style=\"padding-top: calc(100vw * 0.06); padding-bottom: calc(100vw * 0.06); \"><div class=\"row-bg-wrap\" data-bg-animation=\"none\" data-bg-animation-delay=\"\" data-bg-overlay=\"true\"><div class=\"inner-wrap row-bg-layer using-image\" ><div class=\"row-bg viewport-desktop using-image using-bg-color\"  style=\"background-image: url(https:\/\/queerstudentrights.ca\/wp-content\/uploads\/2025\/09\/wm-wallace-vdDlAUXWNOc-unsplash.jpg); background-position: center center; background-repeat: no-repeat; background-color: #49479d; \"><\/div><\/div><div class=\"row-bg-overlay row-bg-layer\" style=\"background-color:#49479d;  opacity: 0.8; \"><\/div><\/div><div class=\"nectar-shape-divider-wrap\" style=\" height:80px;\"  data-height=\"80\" data-front=\"true\" data-style=\"mountains\" data-position=\"bottom\" ><svg class=\"nectar-shape-divider\" fill=\"#ffffff\" xmlns=\"http:\/\/www.w3.org\/2000\/svg\" viewbox=\"0 0 1000 300\" preserveaspectratio=\"none\">\n          <path d=\"M 1014 264 v 122 h -808 l -172 -86 s 310.42 -22.84 402 -79 c 106 -65 154 -61 268 -12 c 107 46 195.11 5.94 275 137 z\"><\/path>   <path d=\"M -302 55 s 235.27 208.25 352 159 c 128 -54 233 -98 303 -73 c 92.68 33.1 181.28 115.19 235 108 c 104.9 -14 176.52 -173.06 267 -118 c 85.61 52.09 145 123 145 123 v 74 l -1306 10 z\"><\/path>\n          <path d=\"M -286 255 s 214 -103 338 -129 s 203 29 384 101 c 145.57 57.91 178.7 50.79 272 0 c 79 -43 301 -224 385 -63 c 53 101.63 -62 129 -62 129 l -107 84 l -1212 12 z\"><\/path>\n          <path d=\"M -24 69 s 299.68 301.66 413 245 c 8 -4 233 2 284 42 c 17.47 13.7 172 -132 217 -174 c 54.8 -51.15 128 -90 188 -39 c 76.12 64.7 118 99 118 99 l -12 132 l -1212 12 z\"><\/path>\n          <path d=\"M -12 201 s 70 83 194 57 s 160.29 -36.77 274 6 c 109 41 184.82 24.36 265 -15 c 55 -27 116.5 -57.69 214 4 c 49 31 95 26 95 26 l -6 151 l -1036 10 z\"><\/path> <\/svg><\/div><div class=\"row_col_wrap_12 col span_12 dark left\">\n\t<div  class=\"vc_col-sm-12 wpb_column column_container vc_column_container col no-extra-padding inherit_tablet inherit_phone\"  data-padding-pos=\"all\" data-has-bg-color=\"false\" data-bg-color=\"\" data-bg-opacity=\"1\" data-animation=\"\" data-delay=\"0\" >\n\t\t<div class=\"vc_column-inner\" >\n\t\t\t<div class=\"wpb_wrapper\">\n\t\t\t\t<div class=\"nectar-highlighted-text font_size_11vh\" data-style=\"text_outline\" data-outline-thickness=\"regular\" data-user-color=\"true\" style=\"color: #ffffff;\" data-using-custom-color=\"false\" data-animation-delay=\"false\" data-color=\"\" data-color-gradient=\"\"><h1 style=\"line-height: .9em\"><em>Introduction<\/em><\/h1>\n<\/div>\n\t\t\t<\/div> \n\t\t<\/div>\n\t<\/div> \n<\/div><\/div>\n\t\t<div id=\"fws_69ea453a92c85\"  data-column-margin=\"default\" data-midnight=\"dark\"  class=\"wpb_row vc_row-fluid vc_row\"  style=\"padding-top: 0px; padding-bottom: 0px; \"><div class=\"row-bg-wrap\" data-bg-animation=\"none\" data-bg-animation-delay=\"\" data-bg-overlay=\"false\"><div class=\"inner-wrap row-bg-layer\" ><div class=\"row-bg viewport-desktop\"  style=\"\"><\/div><\/div><\/div><div class=\"row_col_wrap_12 col span_12 dark left\">\n\t<div  class=\"vc_col-sm-12 wpb_column column_container vc_column_container col padding-2-percent inherit_tablet inherit_phone\"  data-padding-pos=\"top-bottom\" data-has-bg-color=\"false\" data-bg-color=\"\" data-bg-opacity=\"1\" data-animation=\"\" data-delay=\"0\" >\n\t\t<div class=\"vc_column-inner\" >\n\t\t\t<div class=\"wpb_wrapper\">\n\t\t\t\t\n\t<div class=\"wpb_raw_code wpb_raw_html wpb_content_element\" >\n\t\t<div class=\"wpb_wrapper\">\n\t\t\t<span><span><a href=\"https:\/\/queerstudentrights.ca\/fr\/\">Accueil<\/a><\/span><\/span>\n\t\t<\/div>\n\t<\/div>\n\n\t\t\t<\/div> \n\t\t<\/div>\n\t<\/div> \n<\/div><\/div>\n\n\t\t\t<\/div> \n\t\t<\/div>\n\t<\/div> \n<\/div><\/div>\n\t\t<div id=\"fws_69ea453aa2936\"  data-column-margin=\"default\" data-midnight=\"dark\" data-bottom-percent=\"2%\"  class=\"wpb_row vc_row-fluid vc_row full-width-section  top_padding_phone_4pct bottom_padding_phone_4pct\"  style=\"padding-top: 0px; padding-bottom: calc(100vw * 0.02); \"><div class=\"row-bg-wrap\" data-bg-animation=\"none\" data-bg-animation-delay=\"\" data-bg-overlay=\"false\"><div class=\"inner-wrap row-bg-layer\" ><div class=\"row-bg viewport-desktop\"  style=\"\"><\/div><\/div><\/div><div class=\"row_col_wrap_12 col span_12 dark left\">\n\t<div  class=\"vc_col-sm-12 wpb_column column_container vc_column_container col no-extra-padding inherit_tablet inherit_phone\"  data-padding-pos=\"all\" data-has-bg-color=\"false\" data-bg-color=\"\" data-bg-opacity=\"1\" data-animation=\"\" data-delay=\"0\" >\n\t\t<div class=\"vc_column-inner\" >\n\t\t\t<div class=\"wpb_wrapper\">\n\t\t\t\t<h2 style=\"color: #49479d;text-align: left\" class=\"vc_custom_heading vc_do_custom_heading\" >Comment utiliser ce guide<\/h2>\n<div class=\"wpb_text_column wpb_content_element\" >\n\t<div class=\"wpb_wrapper\">\n\t\t<p>Nous avons r\u00e9parti vos droits en quatre domaines cl\u00e9s :<\/p>\n\t<\/div>\n<\/div>\n\n\n\n<div id=\"fws_69ea453aa34e7\" data-midnight=\"\" data-column-margin=\"10px\" class=\"wpb_row vc_row-fluid vc_row inner_row vc_row-o-equal-height vc_row-flex vc_row-o-content-top stats\"  style=\"padding-bottom: 2%; \"><div class=\"row-bg-wrap\"> <div class=\"row-bg\" ><\/div> <\/div><div class=\"row_col_wrap_12_inner col span_12  left\">\n\t<div style=\" color: #ffffff;\" class=\"vc_col-sm-3 wpb_column column_container vc_column_container col child_column padding-2-percent inherit_tablet inherit_phone\" data-cfc=\"true\" data-using-bg=\"true\" data-padding-pos=\"all\" data-has-bg-color=\"true\" data-bg-color=\"#49479d\" data-bg-opacity=\"1\" data-hover-bg=\"#020000\" data-hover-bg-opacity=\"1\" data-animation=\"\" data-delay=\"0\" >\n\t\t<div class=\"vc_column-inner\" ><a class=\"column-link\" target=\"_self\" href=\"\/fr\/your-rights\/the-right-to-equality-freedom-from-discrimination\/\"><span class=\"screen-reader-text\">Le droit \u00e0 l'\u00e9galit\u00e9 : L'absence de discrimination<\/span><\/a><div class=\"column-bg-overlay-wrap column-bg-layer\" data-bg-animation=\"none\"><div class=\"column-bg-overlay\" style=\"opacity: 1; background-color: #49479d;\"><\/div><\/div>\n\t\t<div class=\"wpb_wrapper\">\n\t\t\t\n<div class=\"wpb_text_column wpb_content_element\" >\n\t<div class=\"wpb_wrapper\">\n\t\t<h5>Le droit \u00e0<\/h5>\n\t<\/div>\n<\/div>\n\n\n\n<div class=\"nectar-highlighted-text font_size_4em font_line_height_-9\" data-style=\"text_outline\" data-outline-thickness=\"thick\" data-user-color=\"true\" style=\"color: #ffffff;\" data-using-custom-color=\"false\" data-animation-delay=\"false\" data-color=\"\" data-color-gradient=\"\"><h3><em>L'\u00e9galit\u00e9<\/em><\/h3>\n<\/div>\n<div class=\"wpb_text_column wpb_content_element\" >\n\t<div class=\"wpb_wrapper\">\n\t\t<p>- votre droit \u00e0 une \u00e9ducation inclusive et sans discrimination<\/p>\n\t<\/div>\n<\/div>\n\n\n\n\n\t\t<\/div> \n\t<\/div>\n\t<\/div> \n\n\t<div style=\" color: #ffffff;\" class=\"vc_col-sm-3 wpb_column column_container vc_column_container col child_column padding-2-percent inherit_tablet inherit_phone\" data-cfc=\"true\" data-using-bg=\"true\" data-padding-pos=\"all\" data-has-bg-color=\"true\" data-bg-color=\"#8a8ace\" data-bg-opacity=\"1\" data-hover-bg=\"#020000\" data-hover-bg-opacity=\"1\" data-animation=\"\" data-delay=\"0\" >\n\t\t<div class=\"vc_column-inner\" ><a class=\"column-link\" target=\"_self\" href=\"\/fr\/your-rights\/the-right-to-security-of-the-person-safety-and-freedom-from-violence-bullying-and-harassment\/\"><span class=\"screen-reader-text\">Le droit \u00e0 la s\u00e9curit\u00e9 de la personne : S\u00e9curit\u00e9 et absence de violence, d'intimidation et de harc\u00e8lement<\/span><\/a><div class=\"column-bg-overlay-wrap column-bg-layer\" data-bg-animation=\"none\"><div class=\"column-bg-overlay\" style=\"opacity: 1; background-color: #8a8ace;\"><\/div><\/div>\n\t\t<div class=\"wpb_wrapper\">\n\t\t\t\n<div class=\"wpb_text_column wpb_content_element\" >\n\t<div class=\"wpb_wrapper\">\n\t\t<h5>Le droit \u00e0<\/h5>\n\t<\/div>\n<\/div>\n\n\n\n<div class=\"nectar-highlighted-text font_size_4em font_line_height_-9\" data-style=\"text_outline\" data-outline-thickness=\"thick\" data-user-color=\"true\" style=\"color: #ffffff;\" data-using-custom-color=\"false\" data-animation-delay=\"false\" data-color=\"\" data-color-gradient=\"\"><h3><i>S\u00e9curit\u00e9 de la personne<\/i><\/h3>\n<\/div>\n<div class=\"wpb_text_column wpb_content_element\" >\n\t<div class=\"wpb_wrapper\">\n\t\t<p><strong>- <\/strong>votre droit \u00e0 la s\u00e9curit\u00e9 contre la violence, les brimades et le harc\u00e8lement<\/p>\n\t<\/div>\n<\/div>\n\n\n\n\n\t\t<\/div> \n\t<\/div>\n\t<\/div> \n\n\t<div style=\" color: #ffffff;\" class=\"vc_col-sm-3 wpb_column column_container vc_column_container col child_column padding-2-percent inherit_tablet inherit_phone\" data-cfc=\"true\" data-using-bg=\"true\" data-padding-pos=\"all\" data-has-bg-color=\"true\" data-bg-color=\"#49479d\" data-bg-opacity=\"1\" data-hover-bg=\"#020000\" data-hover-bg-opacity=\"1\" data-animation=\"\" data-delay=\"0\" >\n\t\t<div class=\"vc_column-inner\" ><a class=\"column-link\" target=\"_self\" href=\"\/fr\/your-rights\/the-right-to-dignity-being-respected-and-valued-for-who-you-are\/\"><span class=\"screen-reader-text\">Le droit \u00e0 la dignit\u00e9 : \u00catre respect\u00e9 et valoris\u00e9 pour ce que l'on est<\/span><\/a><div class=\"column-bg-overlay-wrap column-bg-layer\" data-bg-animation=\"none\"><div class=\"column-bg-overlay\" style=\"opacity: 1; background-color: #49479d;\"><\/div><\/div>\n\t\t<div class=\"wpb_wrapper\">\n\t\t\t\n<div class=\"wpb_text_column wpb_content_element\" >\n\t<div class=\"wpb_wrapper\">\n\t\t<h5>Le droit \u00e0<\/h5>\n\t<\/div>\n<\/div>\n\n\n\n<div class=\"nectar-highlighted-text font_size_4em font_line_height_-9\" data-style=\"text_outline\" data-outline-thickness=\"thick\" data-user-color=\"true\" style=\"color: #ffffff;\" data-using-custom-color=\"false\" data-animation-delay=\"false\" data-color=\"\" data-color-gradient=\"\"><h3><em>Dignit\u00e9<\/em><\/h3>\n<\/div>\n<div class=\"wpb_text_column wpb_content_element\" >\n\t<div class=\"wpb_wrapper\">\n\t\t<p>- votre droit d'\u00eatre respect\u00e9 et appr\u00e9ci\u00e9 pour ce que vous \u00eates<\/p>\n\t<\/div>\n<\/div>\n\n\n\n\n\t\t<\/div> \n\t<\/div>\n\t<\/div> \n\n\t<div style=\" color: #ffffff;\" class=\"vc_col-sm-3 wpb_column column_container vc_column_container col child_column padding-2-percent inherit_tablet inherit_phone\" data-cfc=\"true\" data-using-bg=\"true\" data-padding-pos=\"all\" data-has-bg-color=\"true\" data-bg-color=\"#8a8ace\" data-bg-opacity=\"1\" data-hover-bg=\"#020000\" data-hover-bg-opacity=\"1\" data-animation=\"\" data-delay=\"0\" >\n\t\t<div class=\"vc_column-inner\" ><a class=\"column-link\" target=\"_self\" href=\"\/fr\/your-rights\/the-right-to-privacy-from-parents-peers-and-teachers\/\"><span class=\"screen-reader-text\">Le droit \u00e0 la vie priv\u00e9e (des parents, des pairs et des enseignants)<\/span><\/a><div class=\"column-bg-overlay-wrap column-bg-layer\" data-bg-animation=\"none\"><div class=\"column-bg-overlay\" style=\"opacity: 1; background-color: #8a8ace;\"><\/div><\/div>\n\t\t<div class=\"wpb_wrapper\">\n\t\t\t\n<div class=\"wpb_text_column wpb_content_element\" >\n\t<div class=\"wpb_wrapper\">\n\t\t<h5>Le droit \u00e0<\/h5>\n\t<\/div>\n<\/div>\n\n\n\n<div class=\"nectar-highlighted-text font_size_4em font_line_height_-9\" data-style=\"text_outline\" data-outline-thickness=\"thick\" data-user-color=\"true\" style=\"color: #ffffff;\" data-using-custom-color=\"false\" data-animation-delay=\"false\" data-color=\"\" data-color-gradient=\"\"><h3><em>Vie priv\u00e9e<\/em><\/h3>\n<\/div>\n<div class=\"wpb_text_column wpb_content_element\" >\n\t<div class=\"wpb_wrapper\">\n\t\t<p><strong>- <\/strong>votre droit de contr\u00f4ler vos donn\u00e9es personnelles<\/p>\n\t<\/div>\n<\/div>\n\n\n\n\n\t\t<\/div> \n\t<\/div>\n\t<\/div> \n<\/div><\/div>\n<div class=\"wpb_text_column wpb_content_element\" >\n\t<div class=\"wpb_wrapper\">\n\t\t<p>Chaque section commence par un r\u00e9sum\u00e9 de vos droits, des lois et des politiques qui les sous-tendent et de la mani\u00e8re dont l'ACLC et d'autres acteurs pensent que ces droits devraient \u00eatre interpr\u00e9t\u00e9s. Dans de nombreux cas, ce guide indique que \"l'ACLC estime\" que vous disposez d'un certain droit ou d'une certaine libert\u00e9. Cette formulation signifie que, bien qu'il puisse y avoir de nombreuses fa\u00e7ons d'interpr\u00e9ter une certaine loi, l'ACLC soutient une interpr\u00e9tation telle que d\u00e9crite dans le guide. Le guide souligne \u00e9galement la responsabilit\u00e9 des enseignants, du personnel et des conseils scolaires en mati\u00e8re de protection et de soutien des \u00e9tudiants homosexuels.<\/p>\n<p>Dans la derni\u00e8re section de ce guide, nous vous pr\u00e9senterons les \u00e9l\u00e9ments suivants <a href=\"https:\/\/queerstudentrights.ca\/fr\/what-to-do-if-you-think-your-rights-have-been-violated\/\">que faire si vous pensez que vos droits ont \u00e9t\u00e9 viol\u00e9s ?<\/a> et partager une liste de <a href=\"https:\/\/queerstudentrights.ca\/fr\/resources\/\">ressources<\/a>.<\/p>\n<p><strong>Important : <\/strong>Ce guide ne fournit que des informations g\u00e9n\u00e9rales et non des conseils juridiques pour votre situation sp\u00e9cifique, comme peuvent le faire les avocats et les cliniques juridiques. Dans le <a href=\"https:\/\/queerstudentrights.ca\/fr\/resources\/\">Ressources<\/a> \u00e0 la fin de ce guide, vous trouverez des organisations queer-positives que vous pouvez contacter pour obtenir de l'aide, du soutien et de l'assistance juridique.<\/p>\n\t<\/div>\n<\/div>\n\n\n\n\n\t\t\t<\/div> \n\t\t<\/div>\n\t<\/div> \n<\/div><\/div>","protected":false},"excerpt":{"rendered":"Introduction Home How to Use This Guide We\u2019ve broken down your rights into four key areas: The Right to Equality: Freedom from Discrimination The Right to Equality \u2013 your right...","protected":false},"author":3454,"featured_media":0,"parent":434,"menu_order":0,"comment_status":"closed","ping_status":"closed","template":"","meta":{"footnotes":""},"wf_page_folders":[24],"class_list":["post-477","page","type-page","status-publish"],"yoast_head":"<!-- This site is optimized with the Yoast SEO plugin v26.1.1 - https:\/\/yoast.com\/wordpress\/plugins\/seo\/ -->\n<title>How to Use This Guide - Know Your Rights<\/title>\n<meta name=\"robots\" content=\"index, follow, max-snippet:-1, max-image-preview:large, max-video-preview:-1\" \/>\n<link rel=\"canonical\" href=\"https:\/\/queerstudentrights.ca\/fr\/introduction\/how-to-use-this-guide\/\" \/>\n<meta property=\"og:locale\" content=\"fr_CA\" \/>\n<meta property=\"og:type\" content=\"article\" \/>\n<meta property=\"og:title\" content=\"How to Use This Guide - Know Your Rights\" \/>\n<meta property=\"og:url\" content=\"https:\/\/queerstudentrights.ca\/fr\/introduction\/how-to-use-this-guide\/\" \/>\n<meta property=\"og:site_name\" content=\"Know Your Rights\" \/>\n<meta property=\"article:modified_time\" content=\"2025-09-21T13:44:10+00:00\" \/>\n<meta name=\"twitter:card\" content=\"summary_large_image\" \/>\n<meta name=\"twitter:label1\" content=\"Estimation du temps de lecture\" \/>\n\t<meta name=\"twitter:data1\" content=\"2 minutes\" \/>\n<script type=\"application\/ld+json\" class=\"yoast-schema-graph\">{\"@context\":\"https:\/\/schema.org\",\"@graph\":[{\"@type\":\"WebPage\",\"@id\":\"https:\/\/queerstudentrights.ca\/introduction\/how-to-use-this-guide\/\",\"url\":\"https:\/\/queerstudentrights.ca\/introduction\/how-to-use-this-guide\/\",\"name\":\"How to Use This Guide - Know Your Rights\",\"isPartOf\":{\"@id\":\"https:\/\/queerstudentrights.ca\/#website\"},\"datePublished\":\"2025-09-15T15:31:31+00:00\",\"dateModified\":\"2025-09-21T13:44:10+00:00\",\"breadcrumb\":{\"@id\":\"https:\/\/queerstudentrights.ca\/introduction\/how-to-use-this-guide\/#breadcrumb\"},\"inLanguage\":\"fr-CA\",\"potentialAction\":[{\"@type\":\"ReadAction\",\"target\":[\"https:\/\/queerstudentrights.ca\/introduction\/how-to-use-this-guide\/\"]}]},{\"@type\":\"BreadcrumbList\",\"@id\":\"https:\/\/queerstudentrights.ca\/introduction\/how-to-use-this-guide\/#breadcrumb\",\"itemListElement\":[{\"@type\":\"ListItem\",\"position\":1,\"name\":\"Home\",\"item\":\"https:\/\/queerstudentrights.ca\/\"},{\"@type\":\"ListItem\",\"position\":2,\"name\":\"Introduction\",\"item\":\"https:\/\/queerstudentrights.ca\/introduction\/\"},{\"@type\":\"ListItem\",\"position\":3,\"name\":\"How to Use This Guide\"}]},{\"@type\":\"WebSite\",\"@id\":\"https:\/\/queerstudentrights.ca\/#website\",\"url\":\"https:\/\/queerstudentrights.ca\/\",\"name\":\"Know Your Rights: A Guide for Queer Students\",\"description\":\"A Guide for Queer Students in Schools\",\"publisher\":{\"@id\":\"https:\/\/queerstudentrights.ca\/#organization\"},\"potentialAction\":[{\"@type\":\"SearchAction\",\"target\":{\"@type\":\"EntryPoint\",\"urlTemplate\":\"https:\/\/queerstudentrights.ca\/?s={search_term_string}\"},\"query-input\":{\"@type\":\"PropertyValueSpecification\",\"valueRequired\":true,\"valueName\":\"search_term_string\"}}],\"inLanguage\":\"fr-CA\"},{\"@type\":\"Organization\",\"@id\":\"https:\/\/queerstudentrights.ca\/#organization\",\"name\":\"Canadian Civil Liberties Association\",\"url\":\"https:\/\/queerstudentrights.ca\/\",\"logo\":{\"@type\":\"ImageObject\",\"inLanguage\":\"fr-CA\",\"@id\":\"https:\/\/queerstudentrights.ca\/#\/schema\/logo\/image\/\",\"url\":\"https:\/\/queerstudentrights.ca\/wp-content\/uploads\/2025\/09\/cropped-CCLA-gravatar.png\",\"contentUrl\":\"https:\/\/queerstudentrights.ca\/wp-content\/uploads\/2025\/09\/cropped-CCLA-gravatar.png\",\"width\":512,\"height\":512,\"caption\":\"Canadian Civil Liberties Association\"},\"image\":{\"@id\":\"https:\/\/queerstudentrights.ca\/#\/schema\/logo\/image\/\"}}]}<\/script>\n<!-- \/ Yoast SEO plugin. -->","yoast_head_json":{"title":"How to Use This Guide - Know Your Rights","robots":{"index":"index","follow":"follow","max-snippet":"max-snippet:-1","max-image-preview":"max-image-preview:large","max-video-preview":"max-video-preview:-1"},"canonical":"https:\/\/queerstudentrights.ca\/fr\/introduction\/how-to-use-this-guide\/","og_locale":"fr_CA","og_type":"article","og_title":"How to Use This Guide - Know Your Rights","og_url":"https:\/\/queerstudentrights.ca\/fr\/introduction\/how-to-use-this-guide\/","og_site_name":"Know Your Rights","article_modified_time":"2025-09-21T13:44:10+00:00","twitter_card":"summary_large_image","twitter_misc":{"Estimation du temps de lecture":"2 minutes"},"schema":{"@context":"https:\/\/schema.org","@graph":[{"@type":"WebPage","@id":"https:\/\/queerstudentrights.ca\/introduction\/how-to-use-this-guide\/","url":"https:\/\/queerstudentrights.ca\/introduction\/how-to-use-this-guide\/","name":"How to Use This Guide - Know Your Rights","isPartOf":{"@id":"https:\/\/queerstudentrights.ca\/#website"},"datePublished":"2025-09-15T15:31:31+00:00","dateModified":"2025-09-21T13:44:10+00:00","breadcrumb":{"@id":"https:\/\/queerstudentrights.ca\/introduction\/how-to-use-this-guide\/#breadcrumb"},"inLanguage":"fr-CA","potentialAction":[{"@type":"ReadAction","target":["https:\/\/queerstudentrights.ca\/introduction\/how-to-use-this-guide\/"]}]},{"@type":"BreadcrumbList","@id":"https:\/\/queerstudentrights.ca\/introduction\/how-to-use-this-guide\/#breadcrumb","itemListElement":[{"@type":"ListItem","position":1,"name":"Home","item":"https:\/\/queerstudentrights.ca\/"},{"@type":"ListItem","position":2,"name":"Introduction","item":"https:\/\/queerstudentrights.ca\/introduction\/"},{"@type":"ListItem","position":3,"name":"How to Use This Guide"}]},{"@type":"WebSite","@id":"https:\/\/queerstudentrights.ca\/#website","url":"https:\/\/queerstudentrights.ca\/","name":"Connaissez vos droits : Un guide pour les \u00e9tudiants homosexuels","description":"Guide \u00e0 l'intention des \u00e9l\u00e8ves homosexuels dans les \u00e9coles","publisher":{"@id":"https:\/\/queerstudentrights.ca\/#organization"},"potentialAction":[{"@type":"SearchAction","target":{"@type":"EntryPoint","urlTemplate":"https:\/\/queerstudentrights.ca\/?s={search_term_string}"},"query-input":{"@type":"PropertyValueSpecification","valueRequired":true,"valueName":"search_term_string"}}],"inLanguage":"fr-CA"},{"@type":"Organization","@id":"https:\/\/queerstudentrights.ca\/#organization","name":"Association canadienne des libert\u00e9s civiles","url":"https:\/\/queerstudentrights.ca\/","logo":{"@type":"ImageObject","inLanguage":"fr-CA","@id":"https:\/\/queerstudentrights.ca\/#\/schema\/logo\/image\/","url":"https:\/\/queerstudentrights.ca\/wp-content\/uploads\/2025\/09\/cropped-CCLA-gravatar.png","contentUrl":"https:\/\/queerstudentrights.ca\/wp-content\/uploads\/2025\/09\/cropped-CCLA-gravatar.png","width":512,"height":512,"caption":"Canadian Civil Liberties Association"},"image":{"@id":"https:\/\/queerstudentrights.ca\/#\/schema\/logo\/image\/"}}]}},"_links":{"self":[{"href":"https:\/\/queerstudentrights.ca\/fr\/wp-json\/wp\/v2\/pages\/477","targetHints":{"allow":["GET"]}}],"collection":[{"href":"https:\/\/queerstudentrights.ca\/fr\/wp-json\/wp\/v2\/pages"}],"about":[{"href":"https:\/\/queerstudentrights.ca\/fr\/wp-json\/wp\/v2\/types\/page"}],"author":[{"embeddable":true,"href":"https:\/\/queerstudentrights.ca\/fr\/wp-json\/wp\/v2\/users\/3454"}],"replies":[{"embeddable":true,"href":"https:\/\/queerstudentrights.ca\/fr\/wp-json\/wp\/v2\/comments?post=477"}],"version-history":[{"count":16,"href":"https:\/\/queerstudentrights.ca\/fr\/wp-json\/wp\/v2\/pages\/477\/revisions"}],"predecessor-version":[{"id":971,"href":"https:\/\/queerstudentrights.ca\/fr\/wp-json\/wp\/v2\/pages\/477\/revisions\/971"}],"up":[{"embeddable":true,"href":"https:\/\/queerstudentrights.ca\/fr\/wp-json\/wp\/v2\/pages\/434"}],"wp:attachment":[{"href":"https:\/\/queerstudentrights.ca\/fr\/wp-json\/wp\/v2\/media?parent=477"}],"wp:term":[{"taxonomy":"wf_page_folders","embeddable":true,"href":"https:\/\/queerstudentrights.ca\/fr\/wp-json\/wp\/v2\/wf_page_folders?post=477"}],"curies":[{"name":"wp","href":"https:\/\/api.w.org\/{rel}","templated":true}]}}